{"id":18,"date":"2021-12-03T09:06:15","date_gmt":"2021-12-03T09:06:15","guid":{"rendered":"https:\/\/championsswim.pl\/?page_id=18"},"modified":"2025-06-06T09:42:16","modified_gmt":"2025-06-06T09:42:16","slug":"championsswim","status":"publish","type":"page","link":"https:\/\/championsswim.pl\/","title":{"rendered":"CHAMPIONSSWIM"},"content":{"rendered":"<p>[et_pb_section fb_built=&#8221;1&#8243; admin_label=&#8221;Header&#8221; _builder_version=&#8221;4.15&#8243; _module_preset=&#8221;default&#8221; background_enable_color=&#8221;off&#8221; background_image=&#8221;https:\/\/championsswim.pl\/wp-content\/uploads\/2021\/12\/Fot.-Tomasz-Madej-scaled.jpg&#8221; height=&#8221;100vh&#8221; custom_margin=&#8221;||2px||false|false&#8221; custom_padding=&#8221;||0px|||&#8221; global_colors_info=&#8221;{}&#8221;][et_pb_row _builder_version=&#8221;4.15&#8243; _module_preset=&#8221;default&#8221; max_width=&#8221;none&#8221; global_colors_info=&#8221;{}&#8221;][et_pb_column type=&#8221;4_4&#8243; _builder_version=&#8221;4.15&#8243; _module_preset=&#8221;default&#8221; global_colors_info=&#8221;{}&#8221;][et_pb_text _builder_version=&#8221;4.15&#8243; _module_preset=&#8221;77bd6224-541c-4dfa-aa0c-4832456a9557&#8243; header_font=&#8221;Montserrat|900|on|on|||||&#8221; header_text_color=&#8221;#D5FF00&#8243; header_font_size=&#8221;8vw&#8221; header_line_height=&#8221;0.7em&#8221; header_font_size_tablet=&#8221;&#8221; header_font_size_phone=&#8221;&#8221; header_font_size_last_edited=&#8221;on|tablet&#8221; global_colors_info=&#8221;{%22gcid-5fba0126-308f-4f42-aa94-6c5d80831bca%22:%91%93}&#8221;]<\/p>\n<h1><span style=\"color: #bb9a54;\">CHAMPIONS SWIM<\/span><\/h1>\n<p>[\/et_pb_text][\/et_pb_column][\/et_pb_row][et_pb_row use_custom_gutter=&#8221;on&#8221; gutter_width=&#8221;1&#8243; make_equal=&#8221;on&#8221; _builder_version=&#8221;4.15&#8243; _module_preset=&#8221;default&#8221; background_color=&#8221;RGBA(0,0,0,0)&#8221; custom_padding=&#8221;||0px||false|false&#8221; locked=&#8221;off&#8221; global_colors_info=&#8221;{}&#8221;][et_pb_column type=&#8221;4_4&#8243; _builder_version=&#8221;4.15&#8243; _module_preset=&#8221;default&#8221; background_color=&#8221;rgba(187,154,84,0.66)&#8221; background_enable_image=&#8221;off&#8221; transform_scale_last_edited=&#8221;off|desktop&#8221; transform_translate_tablet=&#8221;0px|0px&#8221; transform_translate_last_edited=&#8221;off|desktop&#8221; transform_rotate_last_edited=&#8221;off|desktop&#8221; transform_skew_last_edited=&#8221;off|desktop&#8221; transform_origin_last_edited=&#8221;off|desktop&#8221; transform_styles_last_edited=&#8221;off|desktop&#8221; custom_padding=&#8221;30px|30px|30px|30px|true|true&#8221; custom_padding_tablet=&#8221;&#8221; custom_padding_phone=&#8221;20px|20px|20px|20px|true|true&#8221; custom_padding_last_edited=&#8221;on|phone&#8221; global_colors_info=&#8221;{}&#8221;][et_pb_text _builder_version=&#8221;4.15&#8243; _module_preset=&#8221;7e815e5b-c042-4930-9f47-86f0425bfee6&#8243; header_font=&#8221;||||||||&#8221; header_4_font=&#8221;Syncopate|700||on|||||&#8221; header_4_text_color=&#8221;#000000&#8243; header_4_font_size=&#8221;14px&#8221; header_4_line_height=&#8221;1.8em&#8221; max_width=&#8221;90vh&#8221; header_4_font_size_tablet=&#8221;14px&#8221; header_4_font_size_phone=&#8221;12px&#8221; header_4_font_size_last_edited=&#8221;on|desktop&#8221; locked=&#8221;off&#8221; global_colors_info=&#8221;{}&#8221;]<\/p>\n<h4 style=\"text-align: right;\"><span style=\"color: #ffffff;\">\u201eChampions are made from something they have deep inside of them:<\/span><br \/><span style=\"color: #ffffff;\">a desire, a dream, a vision.\u201d <\/span><\/h4>\n<h4 style=\"text-align: right;\"><span style=\"color: #ffffff;\">Mahatma Gandhi<\/span><\/h4>\n<p>[\/et_pb_text][\/et_pb_column][\/et_pb_row][\/et_pb_section][et_pb_section fb_built=&#8221;1&#8243; admin_label=&#8221;Stats&#8221; _builder_version=&#8221;4.15&#8243; _module_preset=&#8221;default&#8221; global_colors_info=&#8221;{}&#8221;][et_pb_row column_structure=&#8221;1_2,1_2&#8243; _builder_version=&#8221;4.15&#8243; _module_preset=&#8221;default&#8221; max_width=&#8221;1024px&#8221; animation_style=&#8221;slide&#8221; animation_direction=&#8221;right&#8221; global_colors_info=&#8221;{}&#8221;][et_pb_column type=&#8221;1_2&#8243; _builder_version=&#8221;4.15&#8243; _module_preset=&#8221;default&#8221; animation_style=&#8221;slide&#8221; animation_direction=&#8221;left&#8221; global_colors_info=&#8221;{}&#8221;][et_pb_text _builder_version=&#8221;4.15&#8243; _module_preset=&#8221;default&#8221; header_font_size=&#8221;48px&#8221; header_2_font_size=&#8221;30px&#8221; global_colors_info=&#8221;{}&#8221;]<\/p>\n<h4 style=\"text-align: justify;\"><span style=\"font-size: x-large;\"><strong><span style=\"color: #000000;\">Szko\u0142a p\u0142ywania Champions Swim:<\/span><\/strong><\/span><\/h4>\n<ul>\n<li style=\"text-align: justify;\">\n<h4><span style=\"color: #000000; font-size: medium;\">Nauka oraz doskonalenie p\u0142ywania na terenie Bydgoszczy\u00a0<\/span><\/h4>\n<\/li>\n<li style=\"text-align: justify;\">\n<h3><span style=\"color: #000000; font-size: medium;\">Lekcje dla dzieci i doros\u0142ych<\/span><\/h3>\n<\/li>\n<li style=\"text-align: justify;\">\n<h3><span style=\"color: #000000; font-size: medium;\">Zaj\u0119cia grupowe i indywidualne<\/span><\/h3>\n<\/li>\n<li style=\"text-align: justify;\">\n<h3><span style=\"color: #000000; font-size: medium;\">Przygotowanie do triathlonu i zawod\u00f3w p\u0142ywackich<\/span><\/h3>\n<\/li>\n<li style=\"text-align: justify;\">\n<h3><span style=\"color: #000000; font-size: medium;\">Plany treningowe i wideoanaliza<\/span><\/h3>\n<\/li>\n<li style=\"text-align: justify;\">\n<h3><span style=\"color: #000000; font-size: medium;\">Pomoc w prze\u0142amywaniu l\u0119ku przed wod\u0105 i g\u0142\u0119boko\u015bci\u0105<\/span><\/h3>\n<\/li>\n<li style=\"text-align: justify;\">\n<h3><span style=\"color: #000000; font-size: medium;\">Wykwalifikowana kadra instruktorska<\/span><\/h3>\n<\/li>\n<li style=\"text-align: justify;\">\n<h3><span style=\"color: #000000; font-size: medium;\">Mo\u017cliwo\u015b\u0107 prowadzenia zaj\u0119\u0107 w j.angielskim\u00a0<\/span><\/h3>\n<\/li>\n<li style=\"text-align: justify;\">\n<h3><span style=\"color: #000000; font-size: medium;\">Zaj\u0119cia w basenie to \u015bwietna forma rehabilitacji oraz korekcji wad postawy i wzmacniania mi\u0119\u015bni<\/span><\/h3>\n<\/li>\n<\/ul>\n<p>[\/et_pb_text][\/et_pb_column][et_pb_column type=&#8221;1_2&#8243; _builder_version=&#8221;4.15&#8243; _module_preset=&#8221;default&#8221; animation_style=&#8221;slide&#8221; animation_direction=&#8221;right&#8221; global_colors_info=&#8221;{}&#8221;][et_pb_image src=&#8221;https:\/\/championsswim.pl\/wp-content\/uploads\/2021\/12\/IMG_20190212_141304-021-scaled.jpeg&#8221; title_text=&#8221;rpt&#8221; _builder_version=&#8221;4.15.1&#8243; _module_preset=&#8221;default&#8221; min_height=&#8221;262.2px&#8221; custom_padding=&#8221;||0px|||&#8221; hover_enabled=&#8221;0&#8243; global_colors_info=&#8221;{}&#8221; sticky_enabled=&#8221;0&#8243;][\/et_pb_image][\/et_pb_column][\/et_pb_row][et_pb_row column_structure=&#8221;1_6,1_6,1_6,1_6,1_6,1_6&#8243; _builder_version=&#8221;4.15&#8243; _module_preset=&#8221;default&#8221; max_width=&#8221;2560px&#8221; global_colors_info=&#8221;{}&#8221;][et_pb_column type=&#8221;1_6&#8243; _builder_version=&#8221;4.15&#8243; _module_preset=&#8221;default&#8221; global_colors_info=&#8221;{}&#8221;][et_pb_blurb title=&#8221;Nauka i doskonalenie p\u0142ywania,&#8221; use_icon=&#8221;on&#8221; font_icon=&#8221;&#xe00a;||divi||400&#8243; icon_color=&#8221;#BB9A54&#8243; _builder_version=&#8221;4.15&#8243; _module_preset=&#8221;default&#8221; text_orientation=&#8221;center&#8221; global_colors_info=&#8221;{}&#8221;][\/et_pb_blurb][\/et_pb_column][et_pb_column type=&#8221;1_6&#8243; _builder_version=&#8221;4.15&#8243; _module_preset=&#8221;default&#8221; global_colors_info=&#8221;{}&#8221;][et_pb_blurb title=&#8221;Zaj\u0119cia prowadzone przez wysoko wykwalifikowanych instruktor\u00f3w&#8221; use_icon=&#8221;on&#8221; font_icon=&#8221;&#xe08a;||divi||400&#8243; icon_color=&#8221;#BB9A54&#8243; _builder_version=&#8221;4.15&#8243; _module_preset=&#8221;default&#8221; text_orientation=&#8221;center&#8221; global_colors_info=&#8221;{}&#8221;][\/et_pb_blurb][\/et_pb_column][et_pb_column type=&#8221;1_6&#8243; _builder_version=&#8221;4.15&#8243; _module_preset=&#8221;default&#8221; global_colors_info=&#8221;{}&#8221;][et_pb_blurb title=&#8221;Zaj\u0119cia dla dzieci i doros\u0142ych&#8221; use_icon=&#8221;on&#8221; font_icon=&#8221;&#xe028;||divi||400&#8243; icon_color=&#8221;#BB9A54&#8243; _builder_version=&#8221;4.15&#8243; _module_preset=&#8221;default&#8221; text_orientation=&#8221;center&#8221; global_colors_info=&#8221;{}&#8221;][\/et_pb_blurb][\/et_pb_column][et_pb_column type=&#8221;1_6&#8243; _builder_version=&#8221;4.15&#8243; _module_preset=&#8221;default&#8221; global_colors_info=&#8221;{}&#8221;][et_pb_blurb title=&#8221;Zaj\u0119cia grupowe, indywidualne lub w parach&#8221; use_icon=&#8221;on&#8221; font_icon=&#8221;&#xe0a1;||divi||400&#8243; icon_color=&#8221;#BB9A54&#8243; _builder_version=&#8221;4.15&#8243; _module_preset=&#8221;default&#8221; text_orientation=&#8221;center&#8221; global_colors_info=&#8221;{}&#8221;][\/et_pb_blurb][\/et_pb_column][et_pb_column type=&#8221;1_6&#8243; _builder_version=&#8221;4.15&#8243; _module_preset=&#8221;default&#8221; global_colors_info=&#8221;{}&#8221;][et_pb_blurb title=&#8221;Mo\u017cliwo\u015b\u0107 prowadzenia zaj\u0119\u0107 w j. angielskim&#8221; use_icon=&#8221;on&#8221; font_icon=&#8221;&#xe0de;||divi||400&#8243; icon_color=&#8221;#BB9A54&#8243; _builder_version=&#8221;4.15&#8243; _module_preset=&#8221;default&#8221; text_orientation=&#8221;center&#8221; global_colors_info=&#8221;{}&#8221;][\/et_pb_blurb][\/et_pb_column][et_pb_column type=&#8221;1_6&#8243; _builder_version=&#8221;4.15&#8243; _module_preset=&#8221;default&#8221; global_colors_info=&#8221;{}&#8221;][et_pb_blurb title=&#8221;Wideoanaliza p\u0142ywania&#8221; use_icon=&#8221;on&#8221; font_icon=&#8221;&#xe024;||divi||400&#8243; icon_color=&#8221;#BB9A54&#8243; _builder_version=&#8221;4.15&#8243; _module_preset=&#8221;default&#8221; text_orientation=&#8221;center&#8221; global_colors_info=&#8221;{}&#8221;][\/et_pb_blurb][\/et_pb_column][\/et_pb_row][et_pb_row _builder_version=&#8221;4.15&#8243; _module_preset=&#8221;default&#8221; global_colors_info=&#8221;{}&#8221;][et_pb_column type=&#8221;4_4&#8243; _builder_version=&#8221;4.15&#8243; _module_preset=&#8221;default&#8221; global_colors_info=&#8221;{}&#8221;][dip_image_accordion _builder_version=&#8221;4.9.7&#8243; _module_preset=&#8221;default&#8221; title_font=&#8221;|800|||||||&#8221; title_text_color=&#8221;#FFFFFF&#8221; title_font_size=&#8221;30px&#8221; subtitle_font=&#8221;|600|||||||&#8221; subtitle_text_color=&#8221;#FFFFFF&#8221; desc_font=&#8221;|600|||||||&#8221; desc_text_color=&#8221;#FFFFFF&#8221; global_colors_info=&#8221;{}&#8221;][dip_image_accordion_child main_image=&#8221;https:\/\/championsswim.pl\/wp-content\/uploads\/2021\/12\/Screenshot_20210430_081038_com.huawei.himovie.overseas-01.jpeg&#8221; title=&#8221;PRAGNIENIA&#8221; description=&#8221;To przede wszystkim przekazywanie wiedzy i do\u015bwiadczenia na temat p\u0142ywania. Wykorzystujemy do tego umiej\u0119tno\u015bci komunikacyjne oraz indywidualne podej\u015bcie do ucznia. Skupiamy si\u0119 na rozwoju p\u0142ywaka, oraz dostosowujemy nauczanie do jego mo\u017cliwo\u015bci.&#8221; _builder_version=&#8221;4.9.7&#8243; _module_preset=&#8221;default&#8221; global_colors_info=&#8221;{}&#8221;][\/dip_image_accordion_child][dip_image_accordion_child main_image=&#8221;https:\/\/championsswim.pl\/wp-content\/uploads\/2021\/12\/IMG_20200207_170535_014-011-scaled.jpeg&#8221; title=&#8221;MARZENIA&#8221; description=&#8221;Ka\u017cdy zadowolony z zaj\u0119\u0107 klient to spe\u0142nienie Naszych marze\u0144. Opr\u00f3cz tego dzi\u0119ki pracy po\u0142\u0105czonej z pasj\u0105 spe\u0142niamy marzenia w\u0142asne i innych. Dla Nas niemo\u017cliwe nie istnieje!&#8221; _builder_version=&#8221;4.9.7&#8243; _module_preset=&#8221;default&#8221; global_colors_info=&#8221;{}&#8221;][\/dip_image_accordion_child][dip_image_accordion_child main_image=&#8221;https:\/\/championsswim.pl\/wp-content\/uploads\/2021\/12\/DSC08802-01-scaled.jpeg&#8221; title=&#8221;WIZJA&#8221; description=&#8221;Chcemy nie tylko nauczy\u0107 ludzi p\u0142ywa\u0107, ale tak\u017ce zarazi\u0107 ich pasj\u0105 do sportu i rado\u015bci z \u017cycia.&#8221; _builder_version=&#8221;4.9.7&#8243; _module_preset=&#8221;default&#8221; global_colors_info=&#8221;{}&#8221;][\/dip_image_accordion_child][\/dip_image_accordion][\/et_pb_column][\/et_pb_row][\/et_pb_section][et_pb_section fb_built=&#8221;1&#8243; admin_label=&#8221;Coaches&#8221; _builder_version=&#8221;4.15&#8243; _module_preset=&#8221;default&#8221; global_colors_info=&#8221;{}&#8221;][et_pb_row _builder_version=&#8221;4.15&#8243; _module_preset=&#8221;default&#8221; custom_padding=&#8221;||27px|||&#8221; locked=&#8221;off&#8221; global_colors_info=&#8221;{}&#8221;][et_pb_column type=&#8221;4_4&#8243; _builder_version=&#8221;4.15&#8243; _module_preset=&#8221;default&#8221; global_colors_info=&#8221;{}&#8221;][et_pb_text _builder_version=&#8221;4.15&#8243; _module_preset=&#8221;d87de799-28d7-4de5-ab6b-6617c666688a&#8221; header_4_font=&#8221;Montserrat|800|on|on|||||&#8221; header_4_text_color=&#8221;#FFFFFF&#8221; header_4_font_size=&#8221;120px&#8221; header_4_line_height=&#8221;1.1em&#8221; text_orientation=&#8221;center&#8221; width=&#8221;100%&#8221; custom_margin=&#8221;||-80px||false|false&#8221; custom_margin_tablet=&#8221;||-50px||false|false&#8221; custom_margin_phone=&#8221;||-20px||false|false&#8221; custom_margin_last_edited=&#8221;on|phone&#8221; header_4_font_size_tablet=&#8221;80px&#8221; header_4_font_size_phone=&#8221;26px&#8221; header_4_font_size_last_edited=&#8221;on|phone&#8221; header_4_text_shadow_style=&#8221;preset3&#8243; header_4_text_shadow_blur_strength=&#8221;0.01em&#8221; header_4_text_shadow_color=&#8221;#000000&#8243; header_4_text_shadow_blur_strength_tablet=&#8221;&#8221; header_4_text_shadow_blur_strength_phone=&#8221;0.03em&#8221; header_4_text_shadow_blur_strength_last_edited=&#8221;on|phone&#8221; global_colors_info=&#8221;{}&#8221;]<\/p>\n<h4>TRENOWANIE<\/h4>\n<p>[\/et_pb_text][et_pb_text _builder_version=&#8221;4.15&#8243; _module_preset=&#8221;33d8ed47-9575-4183-ae48-b1d6c4145db4&#8243; header_2_font=&#8221;Almarai|700||on|||||&#8221; header_2_text_color=&#8221;#000000&#8243; header_2_font_size=&#8221;60px&#8221; header_2_line_height=&#8221;1.2em&#8221; text_orientation=&#8221;center&#8221; max_width=&#8221;650px&#8221; module_alignment=&#8221;center&#8221; header_2_font_size_tablet=&#8221;32px&#8221; header_2_font_size_phone=&#8221;20px&#8221; header_2_font_size_last_edited=&#8221;on|phone&#8221; locked=&#8221;off&#8221; global_colors_info=&#8221;{}&#8221;]<\/p>\n<h2>UM\u00d3W SI\u0118<\/h2>\n<p>[\/et_pb_text][\/et_pb_column][\/et_pb_row][et_pb_row use_custom_gutter=&#8221;on&#8221; gutter_width=&#8221;2&#8243; _builder_version=&#8221;4.15&#8243; _module_preset=&#8221;default&#8221; custom_padding=&#8221;27px|||||&#8221; global_colors_info=&#8221;{}&#8221;][et_pb_column type=&#8221;4_4&#8243; _builder_version=&#8221;4.15&#8243; _module_preset=&#8221;default&#8221; global_colors_info=&#8221;{}&#8221;][et_pb_team_member name=&#8221;Hania Bakuniak&#8221; position=&#8221;Trener&#8221; image_url=&#8221;https:\/\/championsswim.pl\/wp-content\/uploads\/2021\/12\/Hnia-Bakuniak.jpg&#8221; _builder_version=&#8221;4.15&#8243; _module_preset=&#8221;default&#8221; header_font=&#8221;Syncopate|700||on|||||&#8221; header_text_align=&#8221;center&#8221; header_font_size=&#8221;20px&#8221; header_line_height=&#8221;1.2em&#8221; body_text_align=&#8221;center&#8221; body_text_color=&#8221;#BB9A54&#8243; body_font_size=&#8221;27px&#8221; position_text_align=&#8221;center&#8221; position_text_color=&#8221;#BB9A54&#8243; text_orientation=&#8221;center&#8221; max_width_tablet=&#8221;&#8221; max_width_phone=&#8221;130px&#8221; max_width_last_edited=&#8221;on|phone&#8221; module_alignment=&#8221;center&#8221; border_radii_image=&#8221;on|200px|200px|200px|200px&#8221; global_colors_info=&#8221;{}&#8221;][\/et_pb_team_member][\/et_pb_column][\/et_pb_row][\/et_pb_section][et_pb_section fb_built=&#8221;1&#8243; admin_label=&#8221;Footer&#8221; _builder_version=&#8221;4.15&#8243; _module_preset=&#8221;default&#8221; saved_tabs=&#8221;all&#8221; locked=&#8221;off&#8221; global_colors_info=&#8221;{}&#8221;][et_pb_row column_structure=&#8221;1_2,1_2&#8243; use_custom_gutter=&#8221;on&#8221; gutter_width=&#8221;1&#8243; make_equal=&#8221;on&#8221; _builder_version=&#8221;4.15.1&#8243; _module_preset=&#8221;default&#8221; width=&#8221;70%&#8221; max_width=&#8221;2560px&#8221; global_colors_info=&#8221;{}&#8221;][et_pb_column type=&#8221;1_2&#8243; _builder_version=&#8221;4.15&#8243; _module_preset=&#8221;default&#8221; custom_padding=&#8221;|40px|||false|false&#8221; custom_padding_tablet=&#8221;|0px|40px||false|false&#8221; custom_padding_phone=&#8221;&#8221; custom_padding_last_edited=&#8221;on|phone&#8221; global_colors_info=&#8221;{}&#8221;][et_pb_text _builder_version=&#8221;4.15&#8243; _module_preset=&#8221;7e815e5b-c042-4930-9f47-86f0425bfee6&#8243; header_font=&#8221;||||||||&#8221; header_4_font=&#8221;Syncopate|700||on|||||&#8221; header_4_text_color=&#8221;#000000&#8243; header_4_font_size=&#8221;14px&#8221; header_4_line_height=&#8221;1.8em&#8221; max_width=&#8221;550px&#8221; header_4_font_size_tablet=&#8221;14px&#8221; header_4_font_size_phone=&#8221;12px&#8221; header_4_font_size_last_edited=&#8221;on|desktop&#8221; locked=&#8221;off&#8221; global_colors_info=&#8221;{}&#8221;]<\/p>\n<h4>Phone<\/h4>\n<p>[\/et_pb_text][et_pb_text _builder_version=&#8221;4.15&#8243; _module_preset=&#8221;e86a652b-bf09-4f72-ae7e-837e1e9c4ea7&#8243; text_font=&#8221;Syncopate|700|||||||&#8221; text_text_color=&#8221;#000000&#8243; text_font_size=&#8221;24px&#8221; text_line_height=&#8221;1.5em&#8221; link_text_color=&#8221;#000000&#8243; locked=&#8221;off&#8221; global_colors_info=&#8221;{}&#8221;]<\/p>\n<h3>+ 48\u00a0786\u00a0822 389<\/h3>\n<p>[\/et_pb_text][et_pb_text _builder_version=&#8221;4.15&#8243; _module_preset=&#8221;7e815e5b-c042-4930-9f47-86f0425bfee6&#8243; text_font=&#8221;Syncopate|700||on|||||&#8221; text_text_color=&#8221;#000000&#8243; text_font_size=&#8221;26px&#8221; text_line_height=&#8221;1.8em&#8221; link_text_color=&#8221;#000000&#8243; header_font=&#8221;||||||||&#8221; header_4_font=&#8221;Syncopate|700||on|||||&#8221; header_4_text_color=&#8221;#000000&#8243; header_4_font_size=&#8221;14px&#8221; header_4_line_height=&#8221;1.8em&#8221; max_width=&#8221;550px&#8221; custom_margin=&#8221;40px||||false|false&#8221; text_font_size_tablet=&#8221;20px&#8221; text_font_size_phone=&#8221;16px&#8221; text_font_size_last_edited=&#8221;on|phone&#8221; header_4_font_size_tablet=&#8221;14px&#8221; header_4_font_size_phone=&#8221;12px&#8221; header_4_font_size_last_edited=&#8221;on|desktop&#8221; locked=&#8221;off&#8221; global_colors_info=&#8221;{}&#8221;]<\/p>\n<h4>e-mail<\/h4>\n<p>[\/et_pb_text][et_pb_text _builder_version=&#8221;4.15&#8243; _module_preset=&#8221;e86a652b-bf09-4f72-ae7e-837e1e9c4ea7&#8243; text_font=&#8221;Syncopate|700|||||||&#8221; text_text_color=&#8221;#000000&#8243; text_font_size=&#8221;24px&#8221; text_line_height=&#8221;1.5em&#8221; link_text_color=&#8221;#000000&#8243; global_colors_info=&#8221;{}&#8221;]<\/p>\n<h3>bakuniak@championsswim.pl<\/h3>\n<p>[\/et_pb_text][\/et_pb_column][et_pb_column type=&#8221;1_2&#8243; _builder_version=&#8221;4.15&#8243; _module_preset=&#8221;default&#8221; background_color=&#8221;#BB9A54&#8243; custom_padding=&#8221;50px|50px|50px|50px|true|true&#8221; custom_padding_tablet=&#8221;&#8221; custom_padding_phone=&#8221;20px|20px|20px|20px|true|true&#8221; custom_padding_last_edited=&#8221;on|phone&#8221; global_colors_info=&#8221;{%22gcid-5fba0126-308f-4f42-aa94-6c5d80831bca%22:%91%93}&#8221;][et_pb_text _builder_version=&#8221;4.15&#8243; _module_preset=&#8221;7e815e5b-c042-4930-9f47-86f0425bfee6&#8243; header_font=&#8221;||||||||&#8221; header_4_font=&#8221;Syncopate|700||on|||||&#8221; header_4_text_color=&#8221;#000000&#8243; header_4_font_size=&#8221;14px&#8221; header_4_line_height=&#8221;1.8em&#8221; max_width=&#8221;550px&#8221; custom_margin=&#8221;||0px||false|false&#8221; header_4_font_size_tablet=&#8221;14px&#8221; header_4_font_size_phone=&#8221;12px&#8221; header_4_font_size_last_edited=&#8221;on|desktop&#8221; locked=&#8221;off&#8221; global_colors_info=&#8221;{}&#8221;]<\/p>\n<h4>ZNAJD\u0179 NAS NA<\/h4>\n<p>[\/et_pb_text][et_pb_social_media_follow follow_button=&#8221;on&#8221; icon_color=&#8221;#000000&#8243; use_icon_font_size=&#8221;on&#8221; icon_font_size=&#8221;40px&#8221; _builder_version=&#8221;4.15&#8243; _module_preset=&#8221;default&#8221; custom_button=&#8221;on&#8221; button_text_size=&#8221;16px&#8221; button_text_color=&#8221;#FFFFFF&#8221; button_bg_color=&#8221;#BB9A54&#8243; button_border_width=&#8221;3px&#8221; button_border_color=&#8221;#FFFFFF&#8221; button_border_radius=&#8221;0px&#8221; custom_margin=&#8221;30px|||-10px|false|false&#8221; global_colors_info=&#8221;{}&#8221;][et_pb_social_media_follow_network social_network=&#8221;facebook&#8221; url=&#8221;http:\/\/www.facebook.com\/Champions.swim.bydgoszcz&#8221; _builder_version=&#8221;4.9.7&#8243; _module_preset=&#8221;default&#8221; background_enable_color=&#8221;off&#8221; global_colors_info=&#8221;{}&#8221; follow_button=&#8221;on&#8221; url_new_window=&#8221;on&#8221;]facebook[\/et_pb_social_media_follow_network][et_pb_social_media_follow_network social_network=&#8221;instagram&#8221; url=&#8221;http:\/\/www.instagram.com\/champions.swim\/&#8221; _builder_version=&#8221;4.9.7&#8243; _module_preset=&#8221;default&#8221; background_color=&#8221;#ea2c59&#8243; background_enable_color=&#8221;off&#8221; global_colors_info=&#8221;{}&#8221; follow_button=&#8221;on&#8221; url_new_window=&#8221;on&#8221;]instagram[\/et_pb_social_media_follow_network][\/et_pb_social_media_follow][\/et_pb_column][\/et_pb_row][\/et_pb_section]<\/p>\n","protected":false},"excerpt":{"rendered":"<p>CHAMPIONS SWIM\u201eChampions are made from something they have deep inside of them:a desire, a dream, a vision.\u201d Mahatma GandhiSzko\u0142a p\u0142ywania Champions Swim: Nauka oraz doskonalenie p\u0142ywania na terenie Bydgoszczy\u00a0 Lekcje dla dzieci i doros\u0142ych Zaj\u0119cia grupowe i indywidualne Przygotowanie do triathlonu i zawod\u00f3w p\u0142ywackich Plany treningowe i wideoanaliza Pomoc w prze\u0142amywaniu l\u0119ku przed wod\u0105 i [&hellip;]<\/p>\n","protected":false},"author":1,"featured_media":0,"parent":0,"menu_order":0,"comment_status":"closed","ping_status":"closed","template":"","meta":{"_et_pb_use_builder":"on","_et_pb_old_content":"","_et_gb_content_width":"","footnotes":""},"class_list":["post-18","page","type-page","status-publish","hentry"],"_links":{"self":[{"href":"https:\/\/championsswim.pl\/wp-json\/wp\/v2\/pages\/18"}],"collection":[{"href":"https:\/\/championsswim.pl\/wp-json\/wp\/v2\/pages"}],"about":[{"href":"https:\/\/championsswim.pl\/wp-json\/wp\/v2\/types\/page"}],"author":[{"embeddable":true,"href":"https:\/\/championsswim.pl\/wp-json\/wp\/v2\/users\/1"}],"replies":[{"embeddable":true,"href":"https:\/\/championsswim.pl\/wp-json\/wp\/v2\/comments?post=18"}],"version-history":[{"count":8,"href":"https:\/\/championsswim.pl\/wp-json\/wp\/v2\/pages\/18\/revisions"}],"predecessor-version":[{"id":515,"href":"https:\/\/championsswim.pl\/wp-json\/wp\/v2\/pages\/18\/revisions\/515"}],"wp:attachment":[{"href":"https:\/\/championsswim.pl\/wp-json\/wp\/v2\/media?parent=18"}],"curies":[{"name":"wp","href":"https:\/\/api.w.org\/{rel}","templated":true}]}}