{"id":257,"date":"2023-02-12T20:06:37","date_gmt":"2023-02-12T20:06:37","guid":{"rendered":"https:\/\/championsswim.pl\/?page_id=257"},"modified":"2025-10-10T11:58:19","modified_gmt":"2025-10-10T11:58:19","slug":"wydarzenia","status":"publish","type":"page","link":"https:\/\/championsswim.pl\/wydarzenia\/","title":{"rendered":"WYDARZENIA"},"content":{"rendered":"<p>[et_pb_section fb_built=&#8221;1&#8243; _builder_version=&#8221;4.15.1&#8243; _module_preset=&#8221;default&#8221; global_colors_info=&#8221;{}&#8221;][et_pb_row column_structure=&#8221;1_2,1_2&#8243; _builder_version=&#8221;4.15.1&#8243; _module_preset=&#8221;default&#8221; width=&#8221;100%&#8221; max_width=&#8221;1382px&#8221; custom_margin=&#8221;|310px||78px||&#8221; custom_padding=&#8221;|0px||||&#8221; global_colors_info=&#8221;{}&#8221;][et_pb_column type=&#8221;1_2&#8243; _builder_version=&#8221;4.15.1&#8243; _module_preset=&#8221;default&#8221; global_colors_info=&#8221;{}&#8221;][et_pb_image src=&#8221;https:\/\/championsswim.pl\/wp-content\/uploads\/2025\/10\/Warsztaty-plywackie-start-i-nawrot.png&#8221; title_text=&#8221;Warsztaty p\u0142ywackie &#8211; start i nawrot&#8221; _builder_version=&#8221;4.15.1&#8243; _module_preset=&#8221;default&#8221; global_colors_info=&#8221;{}&#8221;][\/et_pb_image][\/et_pb_column][et_pb_column type=&#8221;1_2&#8243; _builder_version=&#8221;4.15.1&#8243; _module_preset=&#8221;default&#8221; global_colors_info=&#8221;{}&#8221;][et_pb_text _builder_version=&#8221;4.15.1&#8243; _module_preset=&#8221;default&#8221; custom_margin=&#8221;|-125px||||&#8221; custom_padding=&#8221;|0px||||&#8221; global_colors_info=&#8221;{}&#8221;]<\/p>\n<p><span>\ud83c\udfca\u200d\u2640\ufe0f\u00a0<strong>Zr\u00f3b krok (a raczej skok!) w stron\u0119 lepszych wynik\u00f3w!<\/strong><\/span><br \/><span>Zapraszamy na wyj\u0105tkowe\u00a0<strong>warsztaty p\u0142ywackie ze skoku startowego i nawrotu<\/strong>, kt\u00f3re poprowadzi\u00a0<strong>Hania Bakuniak<\/strong>\u00a0<br \/>\u2013 do\u015bwiadczona trenerka, zawodniczka i za\u0142o\u017cycielka\u00a0<strong>Champions Swim<\/strong>\u00a0\ud83d\udcaa<\/span><\/p>\n<p><span>\ud83d\udc49 Je\u015bli startujesz w<\/span><span>\u00a0<\/span><strong><span>Bydgoskiej Lidze P\u0142ywackiej\u00a0<\/span><\/strong><span>lub innych zawodach p\u0142ywackich, te zaj\u0119cia s\u0105 w\u0142a\u015bnie dla Ciebie!<br \/>Dowiesz si\u0119, jak poprawi\u0107 start, zyska\u0107 cenne sekundy i wykorzysta\u0107 energi\u0119 nawrotu na maksimum.<\/span><\/p>\n<div>\n<p><span>\ud83d\udd39 Co Ci\u0119 czeka?<\/span><\/p>\n<ul>\n<li><span>cz\u0119\u015b\u0107 teoretyczna \u2013 poznasz technik\u0119, najcz\u0119stsze b\u0142\u0119dy i sposoby ich eliminacji,<\/span><\/li>\n<li><span>cz\u0119\u015b\u0107 praktyczna \u2013 \u0107wiczenia na l\u0105dzie i w wodzie krok po kroku, wideo analiza<\/span><\/li>\n<li><span>analiza i wskaz\u00f3wki od trenerki z ogromnym do\u015bwiadczeniem w startach i pracy z zawodnikami.<\/span><\/li>\n<\/ul>\n<\/div>\n<p><span>Nie przegap okazji, by wej\u015b\u0107 na wy\u017cszy poziom p\u0142ywania! \ud83c\udf0a<\/span><br \/><span>\ud83d\udccd\u00a0<strong>Miejsce<\/strong>:\u00a0<span class=\"v1text-token-text-primary v1cursor-text\">P\u0142ywalnia Astoria (Ul. Kr\u00f3lowej Jadwigi 23)<\/span><\/span><br \/><span>\ud83d\udcc5\u00a0<strong>Data<\/strong>: 18.10.2025<\/span><br \/><span>\ud83d\udd52\u00a0<strong>Godzina<\/strong>: 16:45-19<br \/><strong><span class=\"v1x1xsqp64 v1xiy17q3 v1x1o6pynw v1x19co3pv v1xdj266r v1xjn30re v1xat24cr v1x1hb08if v1x2b8uid\"><span class=\"v1xexx8yu v1xcaqkgz v1x18d9i69 v1xbwkkl7 v1x3jgonx v1x1bhl96m\">\u2712\ufe0f<\/span><\/span>Zapisy: <\/strong><span style=\"color: #666666;\">poprzez <\/span><a href=\"https:\/\/championsswim.pl\/?page_id=257\" target=\"_blank\" rel=\"noopener noreferrer\"><span style=\"color: #666666;\">formularz poni\u017cej <\/span>\u00a0<\/a>lub przez system ActiveNow (dla podopiecznych Champions Swim)<br \/><\/span><\/p>\n<p><span>\ud83d\udca5 Liczba miejsc ograniczona \u2013 zapisz si\u0119 ju\u017c dzi\u015b i wskocz z nami na g\u0142\u0119bok\u0105 wod\u0119!<\/span><\/p>\n<p>[\/et_pb_text][et_pb_text _builder_version=&#8221;4.15.1&#8243; _module_preset=&#8221;default&#8221; locked=&#8221;off&#8221; global_colors_info=&#8221;{}&#8221;]<\/p>\n<div class='activenow-form-container activenow-form-120455-container'><center><img src='https:\/\/www.activenow.io\/assets\/ripple.gif' width='100px'\/><\/center><script async src='https:\/\/app.activenow.io\/external\/signup_form\/load_by_js?category=&#038;city_id=&#038;code=bplXmbGsw2pEzv3B&#038;school_id=12646&#038;signup_form_id=120455&#038;venue_id=&#038;zz='><\/script><\/div>\n<p>[\/et_pb_text][\/et_pb_column][\/et_pb_row][et_pb_row column_structure=&#8221;1_2,1_2&#8243; _builder_version=&#8221;4.15.1&#8243; _module_preset=&#8221;default&#8221; width=&#8221;100%&#8221; max_width=&#8221;1382px&#8221; custom_margin=&#8221;|310px||78px||&#8221; custom_padding=&#8221;|0px||||&#8221; global_colors_info=&#8221;{}&#8221;][et_pb_column type=&#8221;1_2&#8243; _builder_version=&#8221;4.15.1&#8243; _module_preset=&#8221;default&#8221; global_colors_info=&#8221;{}&#8221;][et_pb_text _builder_version=&#8221;4.15.1&#8243; _module_preset=&#8221;default&#8221; hover_enabled=&#8221;0&#8243; global_colors_info=&#8221;{}&#8221; sticky_enabled=&#8221;0&#8243;]<\/p>\n<h4><strong>Pierwszy krok z morsowaniem i p\u0142ywaniem w zimnej wodzie<\/strong><\/h4>\n<div>\n<ul><\/ul>\n<\/div>\n<p><span>\ud83d\udccd <strong>Miejsce<\/strong>: Lotto-Bydgostia (ul. \u017bupy 4, Bydgoszcz)<\/span><br \/><span>\ud83d\udcc5\u00a0<strong>Data<\/strong>: 19.10.2025\u00a0 \u00a0 \u00a0 <\/span><span>\ud83d\udd52\u00a0<strong>Godzina<\/strong>: 10-11:30<br \/><strong><span class=\"v1x1xsqp64 v1xiy17q3 v1x1o6pynw v1x19co3pv v1xdj266r v1xjn30re v1xat24cr v1x1hb08if v1x2b8uid\"><span class=\"v1xexx8yu v1xcaqkgz v1x18d9i69 v1xbwkkl7 v1x3jgonx v1x1bhl96m\">\u2712\ufe0f<\/span><\/span>Zapisy: <\/strong>formularz <span style=\"text-decoration: underline;\">powy\u017cej<\/span> lub przez system ActiveNow (dla podopiecznych Champions Swim)<br \/><\/span><span style=\"font-size: 14px;\">\ud83d\udca5 Liczba miejsc ograniczona\u00a0<\/span><\/p>\n<p><span><\/span><\/p>\n<div>Zastanawiasz si\u0119, jak to jest p\u0142ywa\u0107 w lodowatej wodzie? A mo\u017ce marzysz o swoim<span>\u00a0<\/span><strong>debiucie na zawodach zimowego p\u0142ywania<\/strong>? \ud83d\udcaa<br \/>To idealny moment, \u017ceby spr\u00f3bowa\u0107!<\/div>\n<div><\/div>\n<div>\n<p>Zapraszamy na<span>\u00a0<\/span><strong>warsztaty z p\u0142ywania w zimnej wodzie<\/strong><span>\u00a0<\/span>z<span>\u00a0<\/span><strong>Hani\u0105 Bakuniak<\/strong><span>\u00a0<\/span>&#8211;<span>\u00a0<\/span><strong>rekordzistk\u0105 Guinnessa i wielokrotn\u0105 medalistk\u0105 Mistrzostw \u015awiata w lodowym p\u0142ywaniu.<\/strong><\/p>\n<\/div>\n<div>\ud83d\udd39<span>\u00a0<\/span><strong>Co Ci\u0119 czeka:<\/strong><\/div>\n<ul>\n<li>cz\u0119\u015b\u0107<span>\u00a0<\/span><strong>teoretyczna<\/strong><span>\u00a0<\/span>&#8211; jak bezpiecznie rozpocz\u0105\u0107 przygod\u0119 z zimn\u0105 wod\u0105, jak si\u0119 przygotowa\u0107 i rozgrzewa\u0107,<\/li>\n<li>cz\u0119\u015b\u0107<span>\u00a0<\/span><strong>praktyczna<\/strong><span>\u00a0<\/span>&#8211; pierwsze (lub kolejne!) zanurzenie z om\u00f3wieniem techniki i reakcji organizmu,<\/li>\n<li>praktyczne wskaz\u00f3wki, jak trenowa\u0107, by w przysz\u0142o\u015bci wystartowa\u0107 w zawodach.<\/li>\n<\/ul>\n<div><\/div>\n<div>Warsztaty odbywaj\u0105 si\u0119 w ramach przygotowa\u0144 do<span>\u00a0<\/span><strong>FOCUS ICE SWIMMING BYDGOSZCZ FESTIVAL<\/strong><span>\u00a0<\/span>\ud83e\uddca \u2013 jednych z najbardziej emocjonuj\u0105cych zawod\u00f3w zimowego p\u0142ywania w Polsce! To doskona\u0142a okazja, by w bezpiecznych warunkach poczu\u0107 moc zimna i odkry\u0107, dlaczego tylu ludzi pokocha\u0142o to wyzwanie oraz<span>\u00a0<\/span><strong>pozna\u0107 atmosfer\u0119 zawod\u00f3w, zobaczy\u0107, jak wygl\u0105da rywalizacja<\/strong>, i by\u0107 mo\u017ce&#8230;<span>\u00a0<\/span><strong>zrobi\u0107 sw\u00f3j pierwszy krok w stron\u0119 startu!<\/strong><span>\u00a0<\/span>\ud83c\udfca\u200d\u2640\ufe0f<\/div>\n<p>[\/et_pb_text][\/et_pb_column][et_pb_column type=&#8221;1_2&#8243; _builder_version=&#8221;4.15.1&#8243; _module_preset=&#8221;default&#8221; global_colors_info=&#8221;{}&#8221;][et_pb_image src=&#8221;https:\/\/championsswim.pl\/wp-content\/uploads\/2025\/10\/Warsztaty-ICE.png&#8221; title_text=&#8221;Warsztaty ICE&#8221; _builder_version=&#8221;4.15.1&#8243; _module_preset=&#8221;default&#8221; global_colors_info=&#8221;{}&#8221;][\/et_pb_image][\/et_pb_column][\/et_pb_row][et_pb_row column_structure=&#8221;1_2,1_2&#8243; _builder_version=&#8221;4.15.1&#8243; _module_preset=&#8221;default&#8221; width=&#8221;100%&#8221; max_width=&#8221;1382px&#8221; custom_margin=&#8221;|310px||78px||&#8221; custom_padding=&#8221;|0px||||&#8221; global_colors_info=&#8221;{}&#8221;][et_pb_column type=&#8221;1_2&#8243; _builder_version=&#8221;4.15.1&#8243; _module_preset=&#8221;default&#8221; global_colors_info=&#8221;{}&#8221;][et_pb_text _builder_version=&#8221;4.15.1&#8243; _module_preset=&#8221;default&#8221; width=&#8221;100%&#8221; custom_margin=&#8221;|-891px||||&#8221; custom_padding=&#8221;|0px||||&#8221; locked=&#8221;off&#8221; global_colors_info=&#8221;{}&#8221;]<\/p>\n<h1><strong><a href=\"https:\/\/championsswim.pl\/wp-content\/uploads\/2022\/04\/Regulamin-24h-Bydgoszcz-Open-Water-Swimming.pdf\" rel=\"attachment wp-att-209\"><img loading=\"lazy\" decoding=\"async\" src=\"https:\/\/championsswim.pl\/wp-content\/uploads\/2023\/02\/BOWS_logo_horizontal-300x75.png\" width=\"664\" height=\"166\" alt=\"\" class=\"wp-image-262 alignnone size-medium\" \/><br \/><\/a><\/strong><\/h1>\n<h1><strong><\/strong><\/h1>\n<h1><strong>24h Bydgoszcz Open Water Swimming 2025<\/strong><\/h1>\n<p><b><\/b><\/p>\n<h2><b><\/b><\/h2>\n<h2><b>Termin<\/b>: 2-3.08.2025<\/h2>\n<h2><b>Miejsce<\/b><span>: Wyspa M\u0142y\u0144ska, <\/span><span>Bydgoszcz<\/span><\/h2>\n<h2><span><\/span><span>Kategoria: <strong>TEAM<\/strong> (sztafety 3- osobowe) <\/span><\/h2>\n<h2><span><strong>\u00a0 \u00a0 \u00a0 \u00a0 \u00a0 \u00a0 \u00a0 \u00a0 \u00a0 \u00a0SOLO<\/strong> (indywidualnie)<br \/><\/span><strong><\/strong><\/h2>\n<h2><b>Nowo\u015b\u0107<\/b><span>: 30-minutowy wy\u015bcig (po zako\u0144czeniu g\u0142\u00f3wnego maratonu) <strong>CHAMPIONS SWIM SPRINT<\/strong><\/span><\/h2>\n<p><span><\/span><\/p>\n<h2><span style=\"color: #3366ff;\"><strong> <a href=\"https:\/\/docs.google.com\/forms\/d\/e\/1FAIpQLSddD-evxZia82_OwNdBuIy58fsIfZroeLe_4OW3cPNVH96WNA\/viewform\" style=\"color: #3366ff;\">ZAPISY<\/a>: <a href=\"https:\/\/foxter-sport.pl\/24hbows\">https:\/\/foxter-sport.pl\/24hbows<\/a>\u00a0<\/strong><\/span><\/h2>\n<h2><strong><span style=\"color: #3366ff;\">Regulamin: <\/span><\/strong><strong style=\"font-size: 26px;\"><span style=\"color: #3366ff;\"><a href=\"https:\/\/foxter-sport.pl\/uploads\/competition\/comp_regulations_836.pdf\">24H BOWS 2025<\/a><\/span><\/strong><\/h2>\n<p><strong><span style=\"color: #3366ff;\"><\/span><\/strong><\/p>\n<h3><span style=\"color: #000000;\"><strong>Facebook: <\/strong><a href=\"https:\/\/www.facebook.com\/24hBOWS\/\" style=\"color: #000000; text-decoration: underline;\">https:\/\/www.facebook.com\/24hBOWS\/<\/a>\u00a0<\/span><\/h3>\n<h3><span style=\"color: #000000;\"><strong>Instagram: <\/strong><span style=\"text-decoration: underline;\"><a href=\"https:\/\/www.instagram.com\/24h.bows\/\">https:\/\/www.instagram.com\/24h.bows\/<\/a><\/span><\/span><\/h3>\n<p><span style=\"color: #000000;\"><strong><\/strong><\/span><\/p>\n<h3><span style=\"color: #000000;\"><strong>Masz pytania? &#8211; napisz na: <\/strong><a href=\"mailto:24hbows@gmail.com\">24hbows@gmail.com<\/a><\/span><\/h3>\n<p><span style=\"color: #000000;\"><strong><span><\/span><\/strong><\/span><\/p>\n<p><span style=\"color: #000000;\"><\/span><\/p>\n<h3><span style=\"color: #000000;\"><strong><span><\/span><\/strong><\/span><\/h3>\n<h3><span style=\"color: #000080;\"><strong>~<a href=\"https:\/\/championsswim.pl\/wp-content\/uploads\/2023\/06\/Oferta-Biznesowa-24h-BOWS-2023_compressed.pdf\" rel=\"attachment wp-att-289\" style=\"color: #000080;\"><\/a><a href=\"https:\/\/championsswim.pl\/wp-content\/uploads\/2023\/08\/RACEBOOK-2023.pdf\" rel=\"attachment wp-att-313\">RACEBOOK 2024<\/a><a href=\"https:\/\/championsswim.pl\/wp-content\/uploads\/2023\/06\/Oferta-Biznesowa-24h-BOWS-2023_compressed.pdf\" rel=\"attachment wp-att-289\" style=\"color: #000080;\">\u00a0~<\/a><\/strong><\/span><\/h3>\n<p><span style=\"color: #000000;\"><strong><span><\/span><\/strong><\/span><\/p>\n<p>[\/et_pb_text][\/et_pb_column][et_pb_column type=&#8221;1_2&#8243; _builder_version=&#8221;4.15.1&#8243; _module_preset=&#8221;default&#8221; global_colors_info=&#8221;{}&#8221;][et_pb_gallery gallery_ids=&#8221;303,302,301,300,299,298,297,296&#8243; fullwidth=&#8221;on&#8221; _builder_version=&#8221;4.15.1&#8243; _module_preset=&#8221;default&#8221; global_colors_info=&#8221;{}&#8221;][\/et_pb_gallery][\/et_pb_column][\/et_pb_row][et_pb_row _builder_version=&#8221;4.15.1&#8243; _module_preset=&#8221;default&#8221; width=&#8221;85.8%&#8221; max_width=&#8221;none&#8221; custom_margin=&#8221;|-140px||66px||&#8221; custom_padding=&#8221;|14px||||&#8221; global_colors_info=&#8221;{}&#8221;][et_pb_column type=&#8221;4_4&#8243; _builder_version=&#8221;4.15.1&#8243; _module_preset=&#8221;default&#8221; global_colors_info=&#8221;{}&#8221;][et_pb_text _builder_version=&#8221;4.15.1&#8243; _module_preset=&#8221;default&#8221; global_colors_info=&#8221;{}&#8221;]<\/p>\n<h2 dir=\"auto\">\ud835\udddc\ud835\udde1\ud835\uddd9\ud835\udde2\ud835\udde5\ud835\udde0\ud835\uddd4\ud835\uddd6\ud835\udddd\ud835\uddd8 \ud835\udde2\ud835\udde5\ud835\uddda\ud835\uddd4\ud835\udde1\ud835\udddc\ud835\udded\ud835\uddd4\ud835\uddd6\ud835\uddec\ud835\udddd\ud835\udde1\ud835\uddd8:<\/h2>\n<h4><span class=\"x3nfvp2 x1j61x8r x1fcty0u xdj266r xhhsvwb xat24cr xgzva0m xxymvpz xlup9mm x1kky2od\">\u00a0<img loading=\"lazy\" decoding=\"async\" height=\"16\" width=\"16\" alt=\"\ud83d\udd39\" referrerpolicy=\"origin-when-cross-origin\" src=\"https:\/\/static.xx.fbcdn.net\/images\/emoji.php\/v9\/tf3\/1\/16\/1f539.png\" \/> <\/span>Pozwalamy na rozstawienie w\u0142asnego namiotu.<\/h4>\n<h4><span class=\"x3nfvp2 x1j61x8r x1fcty0u xdj266r xhhsvwb xat24cr xgzva0m xxymvpz xlup9mm x1kky2od\">\u00a0<img loading=\"lazy\" decoding=\"async\" height=\"16\" width=\"16\" alt=\"\ud83d\udd39\" referrerpolicy=\"origin-when-cross-origin\" src=\"https:\/\/static.xx.fbcdn.net\/images\/emoji.php\/v9\/tf3\/1\/16\/1f539.png\" \/> <\/span>Kategoryczny zakaz wbijania jakichkolwiek przedmiot\u00f3w w trawnik na miejscu zawod\u00f3w (np. pr\u0119t\u00f3w, \u015bledzi utrzymuj\u0105cych namiot, flag)<\/h4>\n<h4><span class=\"x3nfvp2 x1j61x8r x1fcty0u xdj266r xhhsvwb xat24cr xgzva0m xxymvpz xlup9mm x1kky2od\">\u00a0<img loading=\"lazy\" decoding=\"async\" height=\"16\" width=\"16\" alt=\"\ud83d\udd39\" referrerpolicy=\"origin-when-cross-origin\" src=\"https:\/\/static.xx.fbcdn.net\/images\/emoji.php\/v9\/tf3\/1\/16\/1f539.png\" \/> <\/span>Dla ka\u017cdego uczestnika przewidziany jest posi\u0142ek<\/h4>\n<h4><span class=\"x3nfvp2 x1j61x8r x1fcty0u xdj266r xhhsvwb xat24cr xgzva0m xxymvpz xlup9mm x1kky2od\">\u00a0<img loading=\"lazy\" decoding=\"async\" height=\"16\" width=\"16\" alt=\"\ud83d\udd39\" referrerpolicy=\"origin-when-cross-origin\" src=\"https:\/\/static.xx.fbcdn.net\/images\/emoji.php\/v9\/tf3\/1\/16\/1f539.png\" \/><\/span>\u00a0Dla wszystkich zawodnik\u00f3w udost\u0119pniamy mikrofal\u00f3wk\u0119 oraz czajnik<\/h4>\n<h4><span class=\"x3nfvp2 x1j61x8r x1fcty0u xdj266r xhhsvwb xat24cr xgzva0m xxymvpz xlup9mm x1kky2od\">\u00a0<img loading=\"lazy\" decoding=\"async\" height=\"16\" width=\"16\" alt=\"\ud83d\udd39\" referrerpolicy=\"origin-when-cross-origin\" src=\"https:\/\/static.xx.fbcdn.net\/images\/emoji.php\/v9\/tf3\/1\/16\/1f539.png\" \/> <\/span>Na <span><a tabindex=\"-1\"><\/a><\/span>miejscu b\u0119dzie mo\u017cna skorzysta\u0107 z us\u0142ug masa\u017cysty (bezp\u0142atnie)<\/h4>\n<h4><span class=\"x3nfvp2 x1j61x8r x1fcty0u xdj266r xhhsvwb xat24cr xgzva0m xxymvpz xlup9mm x1kky2od\">\u00a0<img loading=\"lazy\" decoding=\"async\" height=\"16\" width=\"16\" alt=\"\ud83d\udd39\" referrerpolicy=\"origin-when-cross-origin\" src=\"https:\/\/static.xx.fbcdn.net\/images\/emoji.php\/v9\/tf3\/1\/16\/1f539.png\" \/> <\/span>Na terenie ca\u0142ej Wyspy M\u0142y\u0144skiej (w tym ulic Tamka i Mennica) obowi\u0105zuje zakaz parkowania samochod\u00f3w.<\/h4>\n<h4><span class=\"x3nfvp2 x1j61x8r x1fcty0u xdj266r xhhsvwb xat24cr xgzva0m xxymvpz xlup9mm x1kky2od\">\u00a0<img loading=\"lazy\" decoding=\"async\" height=\"16\" width=\"16\" alt=\"\ud83d\udd39\" referrerpolicy=\"origin-when-cross-origin\" src=\"https:\/\/static.xx.fbcdn.net\/images\/emoji.php\/v9\/tf3\/1\/16\/1f539.png\" \/> <\/span>Je\u015bli towarzyszy Ci support \u2013 poinformuj nas o tym przy odbieraniu pakietu startowego.<\/h4>\n<h4><span class=\"x3nfvp2 x1j61x8r x1fcty0u xdj266r xhhsvwb xat24cr xgzva0m xxymvpz xlup9mm x1kky2od\">\u00a0<img loading=\"lazy\" decoding=\"async\" height=\"16\" width=\"16\" alt=\"\ud83d\udd39\" referrerpolicy=\"origin-when-cross-origin\" src=\"https:\/\/static.xx.fbcdn.net\/images\/emoji.php\/v9\/tf3\/1\/16\/1f539.png\" \/> <\/span>Uczestnicy nie maj\u0105 obowi\u0105zku ci\u0105g\u0142ego przebywania na miejscu zawod\u00f3w.<\/h4>\n<h4><span class=\"x3nfvp2 x1j61x8r x1fcty0u xdj266r xhhsvwb xat24cr xgzva0m xxymvpz xlup9mm x1kky2od\">\u00a0<img loading=\"lazy\" decoding=\"async\" height=\"16\" width=\"16\" alt=\"\ud83d\udd39\" referrerpolicy=\"origin-when-cross-origin\" src=\"https:\/\/static.xx.fbcdn.net\/images\/emoji.php\/v9\/tf3\/1\/16\/1f539.png\" \/> <\/span>Nale\u017cy mie\u0107 w\u0142asn\u0105 bojk\u0119 asekuracyjn\u0105 (w kategorii TEAM: jedna na zesp\u00f3\u0142)<\/h4>\n<p>[\/et_pb_text][et_pb_text _builder_version=&#8221;4.15.1&#8243; _module_preset=&#8221;default&#8221; custom_padding=&#8221;|0px||||&#8221; global_colors_info=&#8221;{}&#8221;]<\/p>\n<p><span style=\"font-size: x-large;\"><strong>Planowany przebieg zawod\u00f3w:<\/strong><\/span><\/p>\n<p><span style=\"font-size: large;\">Odprawy odbywaj\u0105 si\u0119 nad brzegiem rzeki, przy bramie AQUA-SPEED<\/span><\/p>\n<p><span style=\"font-size: large;\"><strong>1 sierpnia \u2013 pi\u0105tek: <\/strong><\/span><br \/><span style=\"font-size: large;\">\u2022 17.00 &#8211; 21.00 Mo\u017cliwo\u015b\u0107 rozstawienia w\u0142asnego namiotu w miasteczku zawod\u00f3w.<\/span><br \/><span style=\"font-size: large;\">Organizator nie ponosi odpowiedzialno\u015bci za pozostawione na noc rzeczy. Osoby, kt\u00f3re potrzebuj\u0105 wjecha\u0107 w pobli\u017ce Wyspy M\u0142y\u0144skiej, w celu roz\u0142adunku i za\u0142adunku swoich rzeczy zobowi\u0105zane s\u0105 zg\u0142osi\u0107 to organizatorowi do 27.07.2025 roku wraz z podaniem tablic rejestracyjnych pojazdu.<\/span><\/p>\n<p><span style=\"font-size: large;\"><strong>2 sierpnia \u2013 sobota: <\/strong><\/span><br \/><span style=\"font-size: large;\">\u2022 7.30 &#8211; 9.30 Wydawanie pakiet\u00f3w startowych w Biurze Zawod\u00f3w (w tym znakowanie bojek)<\/span><br \/><span style=\"font-size: large;\">\u2022 9.30 &#8211; 9.45 mo\u017cliwo\u015b\u0107 wej\u015bcia do wody na rozgrzewk\u0119<\/span><br \/><span style=\"font-size: large;\">\u2022 9.45 \u2013<strong>Oficjalne otwarcie 24H BYDGOSZCZ OPEN WATER SWIMMING<\/strong><\/span><br \/><span style=\"font-size: large;\">\u2022 9.50 \u2013 odprawa techniczna (obowi\u0105zkowa obecno\u015b\u0107 minimum 1 osoby z zespo\u0142u)<\/span><br \/><span style=\"font-size: large;\">\u2022 10.00 \u2013 <span style=\"color: #0c71c3;\">Start maratonu p\u0142ywackiego 24H<\/span><\/span><\/p>\n<p><span style=\"font-size: large;\"><strong>3 sierpnia \u2013 niedziela<\/strong><\/span><br \/><span style=\"font-size: large;\">\u2022 9.45 \u2013 Zamkni\u0119cie biura zawod\u00f3w dla maratonu 30-minutowego<\/span><br \/><span style=\"font-size: large;\">\u2022 9.45 \u2013 OBOWI\u0104ZKOWA odprawa dla maratonu 30-minutowego (nieobecni mog\u0105 by\u0107 tylko zawodnicy startuj\u0105cy w 24-godzinnej rywalizacji)<\/span><br \/><span style=\"font-size: large;\">\u2022 10.00 zako\u0144czenie rywalizacji 24-godzinnej<\/span><br \/><span style=\"font-size: large;\">\u2022 10.01-10.10- mo\u017cliwo\u015b\u0107 rozgrzewki w wodzie.<\/span><br \/><span style=\"font-size: large;\">\u2022 10.15 \u2013 10.45 <span style=\"color: #0c71c3;\">30-minutowy maraton \u2013 START I FALI<\/span><\/span><br \/><span style=\"font-size: large;\">\u2022 10.55 \u2013 11.25 <span style=\"color: #0c71c3;\">30-minutowy maraton \u2013 START II FALI<\/span><\/span><br \/><span style=\"font-size: large;\">\u2022 12.00 Wr\u0119czenie nagr\u00f3d i podsumowanie imprezy<\/span><\/p>\n<p><span style=\"font-size: large;\">\u00a0Harmonogram mo\u017ce ulega\u0107 zmianom, o czym Organizator powiadomi uczestnik\u00f3w imprezy.<\/span><\/p>\n<p>[\/et_pb_text][et_pb_image src=&#8221;https:\/\/championsswim.pl\/wp-content\/uploads\/2025\/03\/sponsorzy-akt.28.03.png&#8221; title_text=&#8221;sponsorzy akt.28.03&#8243; _builder_version=&#8221;4.15.1&#8243; _module_preset=&#8221;default&#8221; custom_margin=&#8221;|-257px||-27px||&#8221; custom_padding=&#8221;|369px||||&#8221; global_colors_info=&#8221;{}&#8221;][\/et_pb_image][bck_advanced_divider _builder_version=&#8221;4.15.1&#8243; _module_preset=&#8221;default&#8221; global_colors_info=&#8221;{}&#8221;][\/bck_advanced_divider][\/et_pb_column][\/et_pb_row][et_pb_row column_structure=&#8221;1_2,1_2&#8243; _builder_version=&#8221;4.15.1&#8243; _module_preset=&#8221;default&#8221; global_colors_info=&#8221;{}&#8221;][et_pb_column type=&#8221;1_2&#8243; _builder_version=&#8221;4.15.1&#8243; _module_preset=&#8221;default&#8221; global_colors_info=&#8221;{}&#8221;][et_pb_image src=&#8221;https:\/\/championsswim.pl\/wp-content\/uploads\/2024\/03\/IMG_3402photoAid-removed-background.png&#8221; title_text=&#8221;IMG_3402photoAid-removed-background&#8221; _builder_version=&#8221;4.15.1&#8243; _module_preset=&#8221;default&#8221; global_colors_info=&#8221;{}&#8221;][\/et_pb_image][\/et_pb_column][et_pb_column type=&#8221;1_2&#8243; _builder_version=&#8221;4.15.1&#8243; _module_preset=&#8221;default&#8221; global_colors_info=&#8221;{}&#8221;][et_pb_text _builder_version=&#8221;4.15.1&#8243; _module_preset=&#8221;default&#8221; custom_margin=&#8221;|-168px||-63px||&#8221; global_colors_info=&#8221;{}&#8221;]<\/p>\n<h1><strong>FOCUS ICE SWIMMING BYDGOSZCZ FESTIVAL<\/strong><\/h1>\n<p><b><\/b><\/p>\n<h2><b><\/b><\/h2>\n<h2><b>Termin<\/b>: informacja wkr\u00f3tce<\/h2>\n<h2><b>Miejsce<\/b><span>: Wyspa M\u0142y\u0144ska, <\/span><span>Bydgoszcz<\/span><\/h2>\n<h2>Dystanse: od 50m do 1km<span><\/span><\/h2>\n<h2><strong><\/strong><\/h2>\n<p><span><\/span><\/p>\n<h2><span style=\"color: #3366ff;\"><strong> ZAPISY <\/strong><\/span><\/h2>\n<h2><span style=\"color: #3366ff;\"><strong>REGULAMIN\u00a0<\/strong><\/span><\/h2>\n<p><span style=\"color: #3366ff;\"><strong><\/strong><\/span><\/p>\n<h3><span style=\"color: #000000;\"><strong>Facebook: <\/strong><a href=\"https:\/\/www.facebook.com\/IceSwimmingBydgoszczFestival\/\" style=\"color: #000000; text-decoration: underline;\">https:\/\/www.facebook.com\/IceSwimmingBydgoszczFestival<\/a><\/span><\/h3>\n<h3><span style=\"color: #000000;\"><strong>Instagram:<\/strong> <span style=\"text-decoration: underline;\"><a href=\"https:\/\/www.instagram.com\/iceswimmingbydgoszczfestival\/\">https:\/\/www.instagram.com\/iceswimmingbydgoszczfestival\/<\/a><\/span><\/span><\/h3>\n<p><span style=\"color: #000000;\"><strong><\/strong><\/span><\/p>\n<h3><span style=\"color: #000000;\"><strong>Masz pytania? <\/strong>&#8211; napisz na: kontakt@iceswimming.pl<\/span><\/h3>\n<p>[\/et_pb_text][\/et_pb_column][\/et_pb_row][\/et_pb_section][et_pb_section fb_built=&#8221;1&#8243; _builder_version=&#8221;4.15.1&#8243; _module_preset=&#8221;default&#8221; custom_padding=&#8221;54px|||||&#8221; global_colors_info=&#8221;{}&#8221;][\/et_pb_section]<\/p>\n","protected":false},"excerpt":{"rendered":"<p>\ud83c\udfca\u200d\u2640\ufe0f\u00a0Zr\u00f3b krok (a raczej skok!) w stron\u0119 lepszych wynik\u00f3w!Zapraszamy na wyj\u0105tkowe\u00a0warsztaty p\u0142ywackie ze skoku startowego i nawrotu, kt\u00f3re poprowadzi\u00a0Hania Bakuniak\u00a0\u2013 do\u015bwiadczona trenerka, zawodniczka i za\u0142o\u017cycielka\u00a0Champions Swim\u00a0\ud83d\udcaa \ud83d\udc49 Je\u015bli startujesz w\u00a0Bydgoskiej Lidze P\u0142ywackiej\u00a0lub innych zawodach p\u0142ywackich, te zaj\u0119cia s\u0105 w\u0142a\u015bnie dla Ciebie!Dowiesz si\u0119, jak poprawi\u0107 start, zyska\u0107 cenne sekundy i wykorzysta\u0107 energi\u0119 nawrotu na maksimum. \ud83d\udd39 [&hellip;]<\/p>\n","protected":false},"author":2,"featured_media":0,"parent":0,"menu_order":0,"comment_status":"closed","ping_status":"closed","template":"","meta":{"_et_pb_use_builder":"on","_et_pb_old_content":"","_et_gb_content_width":"","footnotes":""},"class_list":["post-257","page","type-page","status-publish","hentry"],"_links":{"self":[{"href":"https:\/\/championsswim.pl\/wp-json\/wp\/v2\/pages\/257"}],"collection":[{"href":"https:\/\/championsswim.pl\/wp-json\/wp\/v2\/pages"}],"about":[{"href":"https:\/\/championsswim.pl\/wp-json\/wp\/v2\/types\/page"}],"author":[{"embeddable":true,"href":"https:\/\/championsswim.pl\/wp-json\/wp\/v2\/users\/2"}],"replies":[{"embeddable":true,"href":"https:\/\/championsswim.pl\/wp-json\/wp\/v2\/comments?post=257"}],"version-history":[{"count":35,"href":"https:\/\/championsswim.pl\/wp-json\/wp\/v2\/pages\/257\/revisions"}],"predecessor-version":[{"id":632,"href":"https:\/\/championsswim.pl\/wp-json\/wp\/v2\/pages\/257\/revisions\/632"}],"wp:attachment":[{"href":"https:\/\/championsswim.pl\/wp-json\/wp\/v2\/media?parent=257"}],"curies":[{"name":"wp","href":"https:\/\/api.w.org\/{rel}","templated":true}]}}