{"id":407,"date":"2024-12-16T14:56:18","date_gmt":"2024-12-16T14:56:18","guid":{"rendered":"https:\/\/championsswim.pl\/?page_id=407"},"modified":"2025-09-03T09:48:13","modified_gmt":"2025-09-03T09:48:13","slug":"partnerzy","status":"publish","type":"page","link":"https:\/\/championsswim.pl\/partnerzy\/","title":{"rendered":"PARTNERZY"},"content":{"rendered":"<p>[et_pb_section fb_built=&#8221;1&#8243; _builder_version=&#8221;4.15.1&#8243; _module_preset=&#8221;default&#8221; custom_padding=&#8221;||0px|||&#8221; global_colors_info=&#8221;{}&#8221;][et_pb_row column_structure=&#8221;1_3,1_3,1_3&#8243; _builder_version=&#8221;4.15.1&#8243; _module_preset=&#8221;default&#8221; min_height=&#8221;251.4px&#8221; custom_padding=&#8221;||0px|||&#8221; global_colors_info=&#8221;{}&#8221;][et_pb_column type=&#8221;1_3&#8243; _builder_version=&#8221;4.15.1&#8243; _module_preset=&#8221;default&#8221; global_colors_info=&#8221;{}&#8221;][et_pb_text _builder_version=&#8221;4.15.1&#8243; _module_preset=&#8221;default&#8221; width=&#8221;100%&#8221; custom_padding=&#8221;|0px||||&#8221; global_colors_info=&#8221;{}&#8221;]<\/p>\n<p><span style=\"font-size: x-large;\"><strong>ONSEN \u00ae<\/strong><\/span><\/p>\n<p>ONSEN\u00ae to oparta na rodzinnym kapitale <strong>polska marka<\/strong>\u00a0produkt\u00f3w zaprojektowanych dla zapewnienia\u00a0<strong>zdrowego i komfortowego snu<\/strong>, a tak\u017ce pe\u0142nej ergonomii codziennego \u017cycia. Produkowane przez\u00a0ONSEN\u00ae\u00a0<strong>materace i poduszki ortopedyczne<\/strong>\u00a0stanowi\u0105 odpowied\u017a na\u00a0<strong>potrzeby i dolegliwo\u015bci<\/strong>.\u00a0<\/p>\n<p>[\/et_pb_text][\/et_pb_column][et_pb_column type=&#8221;1_3&#8243; _builder_version=&#8221;4.15.1&#8243; _module_preset=&#8221;default&#8221; global_colors_info=&#8221;{}&#8221;][et_pb_image src=&#8221;https:\/\/championsswim.pl\/wp-content\/uploads\/2024\/12\/hania1okladka.jpg&#8221; title_text=&#8221;hania1(ok\u0142adka)&#8221; _builder_version=&#8221;4.15.1&#8243; _module_preset=&#8221;default&#8221; width=&#8221;100%&#8221; custom_padding=&#8221;|||0px||&#8221; global_colors_info=&#8221;{}&#8221;][\/et_pb_image][\/et_pb_column][et_pb_column type=&#8221;1_3&#8243; _builder_version=&#8221;4.15.1&#8243; _module_preset=&#8221;default&#8221; global_colors_info=&#8221;{}&#8221;][et_pb_text _builder_version=&#8221;4.15.1&#8243; _module_preset=&#8221;default&#8221; global_colors_info=&#8221;{}&#8221;]<\/p>\n<p>Dodatkowy rabat po wpisaniu w koszyku &#8222;BAKUNIAK&#8221; lub poprzez stron\u0119:<strong><span style=\"color: #000080;\"><\/span><\/strong><\/p>\n<p><strong><span style=\"color: #000080;\"><a href=\"http:\/\/www.onsen.eu\/bakuniak\" style=\"color: #000080;\">www.onsen.eu\/bakuniak<\/a><\/span><\/strong><strong><span style=\"color: #000080;\"><\/span><\/strong><\/p>\n<p><strong>Onsen Sp. z o.o.<\/strong><br \/>Marii Sk\u0142odowskiej-Curie 71G<br \/>87-100 Toru\u0144<br \/>Rzeczpospolita Polska<br \/><span><strong><a href=\"https:\/\/onsen.eu\/biuro@onsen.eu?subject=Kontakt%20ze%20strony%20WWW\">biuro@onsen.eu<\/a><\/strong><\/span><\/p>\n<p>[\/et_pb_text][\/et_pb_column][\/et_pb_row][et_pb_row _builder_version=&#8221;4.15.1&#8243; _module_preset=&#8221;default&#8221; global_colors_info=&#8221;{}&#8221;][et_pb_column type=&#8221;4_4&#8243; _builder_version=&#8221;4.15.1&#8243; _module_preset=&#8221;default&#8221; global_colors_info=&#8221;{}&#8221;][wdc_image_carousel _builder_version=&#8221;4.15.1&#8243; _module_preset=&#8221;default&#8221; global_colors_info=&#8221;{}&#8221;][wdc_image_carousel_child photo=&#8221;https:\/\/championsswim.pl\/wp-content\/uploads\/2024\/12\/Zrzut-ekranu-2024-12-20-130042.png&#8221; _builder_version=&#8221;4.15.1&#8243; _module_preset=&#8221;default&#8221; global_colors_info=&#8221;{}&#8221;][\/wdc_image_carousel_child][wdc_image_carousel_child photo=&#8221;https:\/\/championsswim.pl\/wp-content\/uploads\/2024\/12\/I9A9949_HANIA_-kopia-scaled.jpeg&#8221; _builder_version=&#8221;4.15.1&#8243; _module_preset=&#8221;default&#8221; global_colors_info=&#8221;{}&#8221;][\/wdc_image_carousel_child][wdc_image_carousel_child photo=&#8221;https:\/\/championsswim.pl\/wp-content\/uploads\/2024\/12\/11p.png&#8221; _builder_version=&#8221;4.15.1&#8243; _module_preset=&#8221;default&#8221; global_colors_info=&#8221;{}&#8221;][\/wdc_image_carousel_child][wdc_image_carousel_child photo=&#8221;https:\/\/championsswim.pl\/wp-content\/uploads\/2024\/12\/I9A9939-kopia-scaled.jpeg&#8221; _builder_version=&#8221;4.15.1&#8243; _module_preset=&#8221;default&#8221; global_colors_info=&#8221;{}&#8221;][\/wdc_image_carousel_child][\/wdc_image_carousel][\/et_pb_column][\/et_pb_row][et_pb_row column_structure=&#8221;1_3,1_3,1_3&#8243; _builder_version=&#8221;4.15.1&#8243; _module_preset=&#8221;default&#8221; min_height=&#8221;174.4px&#8221; custom_padding=&#8221;||0px|||&#8221; global_colors_info=&#8221;{}&#8221;][et_pb_column type=&#8221;1_3&#8243; _builder_version=&#8221;4.15.1&#8243; _module_preset=&#8221;default&#8221; global_colors_info=&#8221;{}&#8221;][et_pb_text _builder_version=&#8221;4.15.1&#8243; _module_preset=&#8221;default&#8221; width=&#8221;100%&#8221; custom_padding=&#8221;|0px|0px|||&#8221; global_colors_info=&#8221;{}&#8221;]<\/p>\n<p><span style=\"font-size: x-large;\"><strong>HYDROXYGEN STUDIO\u00a0<\/strong><\/span><\/p>\n<p><span><strong>Wodoroterapia<\/strong> oraz<strong> terapia tlenowa<\/strong> wspieraj\u0105 regeneracj\u0119 na poziomie kom\u00f3rkowym, poprawiaj\u0105c funkcjonowanie organizmu i wzmacniaj\u0105c jego naturalne zdolno\u015bci obronne.<br \/><a href=\"https:\/\/www.hydroxygen.pl\/\">https:\/\/www.hydroxygen.pl\/<\/a><\/span><\/p>\n<p>[\/et_pb_text][\/et_pb_column][et_pb_column type=&#8221;1_3&#8243; _builder_version=&#8221;4.15.1&#8243; _module_preset=&#8221;default&#8221; global_colors_info=&#8221;{}&#8221;][et_pb_image src=&#8221;https:\/\/championsswim.pl\/wp-content\/uploads\/2025\/08\/image.png&#8221; title_text=&#8221;image&#8221; _builder_version=&#8221;4.15.1&#8243; _module_preset=&#8221;default&#8221; global_colors_info=&#8221;{}&#8221;][\/et_pb_image][\/et_pb_column][et_pb_column type=&#8221;1_3&#8243; _builder_version=&#8221;4.15.1&#8243; _module_preset=&#8221;default&#8221; global_colors_info=&#8221;{}&#8221;][et_pb_text _builder_version=&#8221;4.15.1&#8243; _module_preset=&#8221;default&#8221; global_colors_info=&#8221;{}&#8221;]<\/p>\n<p>Kod rabatowy\u00a0 &#8222;BAKUNIAK20&#8221; obni\u017ca cen\u0119 na wszystkie zabiegi oraz karnety.<strong><span style=\"color: #000080;\"><\/span><\/strong><\/p>\n<p>HYDROXYGEN STUDIO<br \/>Kr\u00f3lowej Jadwigi 14, 85-231 Bydgoszcz<br \/>516 833 722<br \/>kontakt@hydroxygen.pl<\/p>\n<p>[\/et_pb_text][\/et_pb_column][\/et_pb_row][\/et_pb_section][et_pb_section fb_built=&#8221;1&#8243; _builder_version=&#8221;4.15.1&#8243; _module_preset=&#8221;default&#8221; min_height=&#8221;1175.5px&#8221; custom_padding=&#8221;0px||54px|||&#8221; global_colors_info=&#8221;{}&#8221;][et_pb_row _builder_version=&#8221;4.15.1&#8243; _module_preset=&#8221;default&#8221; width=&#8221;70%&#8221; max_width=&#8221;none&#8221; global_colors_info=&#8221;{}&#8221;][et_pb_column type=&#8221;4_4&#8243; _builder_version=&#8221;4.15.1&#8243; _module_preset=&#8221;default&#8221; global_colors_info=&#8221;{}&#8221;][wdc_image_carousel _builder_version=&#8221;4.15.1&#8243; _module_preset=&#8221;default&#8221; global_colors_info=&#8221;{}&#8221;][wdc_image_carousel_child photo=&#8221;https:\/\/championsswim.pl\/wp-content\/uploads\/2025\/08\/87704ae0-bcfc-4cc6-808c-0eed70fe5265.jpeg&#8221; _builder_version=&#8221;4.15.1&#8243; _module_preset=&#8221;default&#8221; global_colors_info=&#8221;{}&#8221;][\/wdc_image_carousel_child][wdc_image_carousel_child photo=&#8221;https:\/\/championsswim.pl\/wp-content\/uploads\/2025\/08\/a0cc30e4-b3df-49db-865a-ebbc8c71b2f2.jpeg&#8221; _builder_version=&#8221;4.15.1&#8243; _module_preset=&#8221;default&#8221; global_colors_info=&#8221;{}&#8221;][\/wdc_image_carousel_child][wdc_image_carousel_child photo=&#8221;https:\/\/championsswim.pl\/wp-content\/uploads\/2025\/08\/7813f5f3-8df8-4a04-b66d-73407f5b7a61-1.jpeg&#8221; _builder_version=&#8221;4.15.1&#8243; _module_preset=&#8221;default&#8221; global_colors_info=&#8221;{}&#8221;][\/wdc_image_carousel_child][wdc_image_carousel_child photo=&#8221;https:\/\/championsswim.pl\/wp-content\/uploads\/2025\/08\/13852882-8d40-4d0f-8e16-2babd81a8999-1.jpeg&#8221; _builder_version=&#8221;4.15.1&#8243; _module_preset=&#8221;default&#8221; global_colors_info=&#8221;{}&#8221;][\/wdc_image_carousel_child][\/wdc_image_carousel][et_pb_text _builder_version=&#8221;4.15.1&#8243; _module_preset=&#8221;default&#8221; custom_margin=&#8221;||-1px|||&#8221; global_colors_info=&#8221;{}&#8221;]<\/p>\n<p><span style=\"font-size: x-large;\"><strong>WAKE UP &#8211; eventy i edukacja<\/strong><\/span><\/p>\n<p>Organizator Wielonek Triathlon Challenge &#8211; nowej imprezy na triathlonowej na mapie naszego regionu! Wielonek Triathlon Challenge to jedyny triathlon, podczas kt\u00f3rego masz mo\u017cliwo\u015b\u0107 p\u0142ywa\u0107 w Zalewie Koronowskim \u2013 to swoista przyrodnicza per\u0142a wojew\u00f3dztwa kujawsko-pomorskiego! Zawody wyr\u00f3\u017cniaj\u0105 si\u0119 tym, \u017ce etap biegowy poprowadzony jest w ca\u0142o\u015bci w lesie \u2013 wykorzystujemy to, co do zaoferowania ma natura powiatu tucholskiego.<\/p>\n<p>Ale triathlon to nie jedyna rzecz, kt\u00f3r\u0105 si\u0119 zajmujemy. Organizujemy te\u017c inne eventy, g\u0142\u00f3wnie sportowe oraz prowadzimy r\u00f3wnie\u017c kana\u0142 YouTube, na kt\u00f3rym publikujemy podcasty oraz reporta\u017ce podr\u00f3\u017cnicze.<\/p>\n<p>Do tej pory zorganizowali\u015bmy takie wydarzenia jak:<\/p>\n<p>&#8211; WAKE UP FOREST CAMP \u2013 weekendowy ob\u00f3z sportowych dla os\u00f3b doros\u0142ych,<br \/>&#8211; Konferencje TEDxBydgoszcz \u2013 na naszej scenie stan\u0119li m.in. Adrian Gorzycki, S\u0142awek Muturi, Aleksandra Cho\u0142ody-Pude\u0142ko czy Tomasz Jaroszek,<br \/>&#8211; Wsp\u00f3\u0142tworzymy Le\u015bny Bieg Kolejarski w Bydgoszczy oraz Focus Ice Swimming Bydgoszcz Festival,<br \/>&#8211; Cz\u0142onkowie naszego zespo\u0142u w przesz\u0142o\u015bci organizowali i wsp\u00f3\u0142organizowali Eliminacje Pucharu \u015awiata w Street Workout na Artego Arenie (dzisiejsza SISU Arena) oraz World Pull-Up Days w kujawsko-pomorskich galeriach handlowych.<\/p>\n<p>[\/et_pb_text][\/et_pb_column][\/et_pb_row][et_pb_row column_structure=&#8221;1_3,1_3,1_3&#8243; _builder_version=&#8221;4.15.1&#8243; _module_preset=&#8221;default&#8221; width=&#8221;70%&#8221; max_width=&#8221;none&#8221; min_height=&#8221;464.8px&#8221; custom_margin=&#8221;-17px|auto|-203px|auto||&#8221; custom_padding=&#8221;0px|||||&#8221; global_colors_info=&#8221;{}&#8221;][et_pb_column type=&#8221;1_3&#8243; _builder_version=&#8221;4.15.1&#8243; _module_preset=&#8221;default&#8221; global_colors_info=&#8221;{}&#8221;][et_pb_image src=&#8221;https:\/\/championsswim.pl\/wp-content\/uploads\/2025\/02\/Wakeup_org_pl_transparent-e1739192956560.png&#8221; title_text=&#8221;Wakeup_org_pl_transparent&#8221; _builder_version=&#8221;4.15.1&#8243; _module_preset=&#8221;default&#8221; width=&#8221;100%&#8221; custom_padding=&#8221;|||39px||&#8221; global_colors_info=&#8221;{}&#8221;][\/et_pb_image][\/et_pb_column][et_pb_column type=&#8221;1_3&#8243; _builder_version=&#8221;4.15.1&#8243; _module_preset=&#8221;default&#8221; global_colors_info=&#8221;{}&#8221;][et_pb_text _builder_version=&#8221;4.15.1&#8243; _module_preset=&#8221;default&#8221; width=&#8221;223.7%&#8221; custom_margin=&#8221;|||-104px||&#8221; custom_padding=&#8221;|71px||88px||&#8221; global_colors_info=&#8221;{}&#8221;]<\/p>\n<p><span style=\"color: #000000;\"><strong>WAKE UP &#8211; eventy i edukacja\u00a0 \u00a0 \u00a0<br \/><\/strong><\/span><span style=\"color: #000000; font-size: large;\"><a href=\"https:\/\/www.facebook.com\/wakeup.poland\" style=\"color: #000000;\"><span style=\"font-size: medium;\">https:\/\/www.facebook.com\/wakeup.poland\u00a0 \u00a0 \u00a0 \u00a0 \u00a0 \u00a0 \u00a0<\/span><\/a><span style=\"font-size: medium;\"><a href=\"https:\/\/www.facebook.com\/wakeup.poland\" style=\"color: #000000;\">\u00a0<\/a><\/span><\/span><br \/><span style=\"color: #000000; font-size: medium;\"><a href=\"https:\/\/www.instagram.com\/wakeup.org.pl\/\" style=\"color: #000000;\">https:\/\/www.instagram.com\/wakeup.org.pl\/\u00a0 \u00a0<\/a><a href=\"https:\/\/www.instagram.com\/wakeup.org.pl\/\" style=\"color: #000000;\">\u00a0<\/a><\/span><br \/><span style=\"color: #000000; font-size: large;\"><a href=\"https:\/\/www.youtube.com\/@wakeupeducation\" style=\"color: #000000;\"><span style=\"font-size: medium;\">https:\/\/www.youtube.com\/@wakeupeducation\u00a0 \u00a0 \u00a0<\/span> \u00a0<\/a><\/span><\/p>\n<p>[\/et_pb_text][\/et_pb_column][et_pb_column type=&#8221;1_3&#8243; _builder_version=&#8221;4.15.1&#8243; _module_preset=&#8221;default&#8221; global_colors_info=&#8221;{}&#8221;][et_pb_text _builder_version=&#8221;4.15.1&#8243; _module_preset=&#8221;default&#8221; custom_margin=&#8221;||4px|||&#8221; global_colors_info=&#8221;{}&#8221;]<\/p>\n<p><strong style=\"color: #000000; font-size: 14px;\">Wielonek Triathlon Challenge<br \/><\/strong><span style=\"color: #000000; font-size: medium;\"><a href=\"https:\/\/www.facebook.com\/wtc.tri\/\" style=\"color: #000000;\">https:\/\/www.facebook.com\/wtc.tri\/<\/a>\u00a0<\/span><br \/><span style=\"color: #000000; font-size: medium;\"><a href=\"https:\/\/www.instagram.com\/wtc.tri\" style=\"color: #000000;\">https:\/\/www.instagram.com\/wtc.tri<\/a>\u00a0<\/span><br \/><span style=\"color: #000000; font-size: medium;\"><a href=\"https:\/\/wielonektriathlon.pl\/\" style=\"color: #000000;\">https:\/\/wielonektriathlon.pl\/<\/a>\u00a0<\/span><\/p>\n<p>[\/et_pb_text][et_pb_image src=&#8221;https:\/\/championsswim.pl\/wp-content\/uploads\/2025\/02\/channels4_banner.jpg&#8221; title_text=&#8221;channels4_banner&#8221; _builder_version=&#8221;4.15.1&#8243; _module_preset=&#8221;default&#8221; width=&#8221;335.5%&#8221; custom_margin=&#8221;49px|||-939px||&#8221; custom_padding=&#8221;0px|||||&#8221; global_colors_info=&#8221;{}&#8221;][\/et_pb_image][\/et_pb_column][\/et_pb_row][\/et_pb_section][et_pb_section fb_built=&#8221;1&#8243; _builder_version=&#8221;4.15.1&#8243; _module_preset=&#8221;default&#8221; custom_padding=&#8221;54px|||||&#8221; global_colors_info=&#8221;{}&#8221;][\/et_pb_section][et_pb_section fb_built=&#8221;1&#8243; _builder_version=&#8221;4.15.1&#8243; _module_preset=&#8221;default&#8221; global_colors_info=&#8221;{}&#8221;][et_pb_row _builder_version=&#8221;4.15.1&#8243; _module_preset=&#8221;default&#8221; global_colors_info=&#8221;{}&#8221;][et_pb_column type=&#8221;4_4&#8243; _builder_version=&#8221;4.15.1&#8243; _module_preset=&#8221;default&#8221; global_colors_info=&#8221;{}&#8221;][\/et_pb_column][\/et_pb_row][\/et_pb_section]<\/p>\n","protected":false},"excerpt":{"rendered":"<p>ONSEN \u00ae ONSEN\u00ae to oparta na rodzinnym kapitale polska marka\u00a0produkt\u00f3w zaprojektowanych dla zapewnienia\u00a0zdrowego i komfortowego snu, a tak\u017ce pe\u0142nej ergonomii codziennego \u017cycia. Produkowane przez\u00a0ONSEN\u00ae\u00a0materace i poduszki ortopedyczne\u00a0stanowi\u0105 odpowied\u017a na\u00a0potrzeby i dolegliwo\u015bci.\u00a0Dodatkowy rabat po wpisaniu w koszyku &#8222;BAKUNIAK&#8221; lub poprzez stron\u0119: www.onsen.eu\/bakuniak Onsen Sp. z o.o.Marii Sk\u0142odowskiej-Curie 71G87-100 Toru\u0144Rzeczpospolita Polskabiuro@onsen.eu<div class=\"et_pb_module wdc_image_carousel wdc_image_carousel_0\">\n\t\t\t\t\n\t\t\t\t\n\t\t\t\t\n\t\t\t\t\n\t\t\t\t\n\t\t\t\t\n\t\t\t\t<div class=\"et_pb_module_inner\">\n\t\t\t\t\t<div class=\"wdc-carousel-parent \" data-settings=\"{&quot;responsive&quot;:[{&quot;breakpoint&quot;:980,&quot;settings&quot;:{&quot;slidesToShow&quot;:3,&quot;arrows&quot;:true}},{&quot;breakpoint&quot;:767,&quot;settings&quot;:{&quot;slidesToShow&quot;:3,&quot;arrows&quot;:true}}],&quot;fade&quot;:false,&quot;rtl&quot;:false,&quot;adaptiveHeight&quot;:false,&quot;swipe&quot;:true,&quot;variableWidth&quot;:false,&quot;dots&quot;:false,&quot;cssEase&quot;:&quot;ease-in-out&quot;,&quot;arrows&quot;:true,&quot;infinite&quot;:true,&quot;autoplay&quot;:true,&quot;autoplaySpeed&quot;:2000,&quot;speed&quot;:700,&quot;slidesToShow&quot;:3,&quot;slidesToScroll&quot;:1,&quot;centerPadding&quot;:&quot;70px&quot;,&quot;centerMode&quot;:false,&quot;vertical&quot;:false,&quot;prevArrow&quot;:&quot;&lt;button type=\\&quot;button\\&quot; data-icon=\\&quot; 4\\&quot;class=\\&quot;slick-arrow slick-prev\\&quot;&gt;Prev&lt;\\\/button&gt;&quot;,&quot;nextArrow&quot;:&quot;&lt;button type=\\&quot;button\\&quot; data-icon=\\&quot; 5\\&quot;class=\\&quot;slick-arrow slick-next\\&quot;&gt;Prev&lt;\\\/button&gt;&quot;,&quot;lazyLoad&quot;:&quot;progressive&quot;}\" dir=\"ltr\">\r\n\t\t\t    <div class=\"wdc-carousel wdc-image-carousel-0 wdc-image-carousel wdc-carousel-frontend wdc-lightbox-off\">\r\n                    \r\n                <\/div>\r\n                \r\n            <\/div>\n\t\t\t\t<\/div>\n\t\t\t<\/div><div class=\"wdc_image_carousel_child wdc_image_carousel_child_0 wdc_et_pb_module\">\n\t\t\t\t\n\t\t\t\t\n\t\t\t\t\n\t\t\t\t\n\t\t\t\t\n\t\t\t\t\n\t\t\t\t<div class=\"et_pb_module_inner\">\n\t\t\t\t\t<div class=\"wdc-carousel-item wdc-image-carousel-item wdc-swapped-img-selector wdc-hover--none\">\r\n\t\t\t\t<figure class=\"wdc-lightbox-ctrl\">\r\n                    <div class=\"wdc-overlay\"><span class=\"wdc-overlay-icon\"><\/span><\/div>\r\n                    <img class=\"wdc-swapped-img\" data-mfp-src=\"&#8221;https:\/\/championsswim.pl\/wp-content\/uploads\/2024\/12\/Zrzut-ekranu-2024-12-20-130042.png&#8221;\" data-lazy=\"&#8221;https:\/\/championsswim.pl\/wp-content\/uploads\/2024\/12\/Zrzut-ekranu-2024-12-20-130042.png&#8221;\"  alt=\"\"\/>\r\n                <\/figure> \r\n\t\t\t<\/div>\n\t\t\t\t<\/div>\n\t\t\t<\/div><\/p>\n","protected":false},"author":2,"featured_media":0,"parent":0,"menu_order":0,"comment_status":"closed","ping_status":"closed","template":"","meta":{"_et_pb_use_builder":"on","_et_pb_old_content":"","_et_gb_content_width":"","footnotes":""},"class_list":["post-407","page","type-page","status-publish","hentry"],"_links":{"self":[{"href":"https:\/\/championsswim.pl\/wp-json\/wp\/v2\/pages\/407"}],"collection":[{"href":"https:\/\/championsswim.pl\/wp-json\/wp\/v2\/pages"}],"about":[{"href":"https:\/\/championsswim.pl\/wp-json\/wp\/v2\/types\/page"}],"author":[{"embeddable":true,"href":"https:\/\/championsswim.pl\/wp-json\/wp\/v2\/users\/2"}],"replies":[{"embeddable":true,"href":"https:\/\/championsswim.pl\/wp-json\/wp\/v2\/comments?post=407"}],"version-history":[{"count":15,"href":"https:\/\/championsswim.pl\/wp-json\/wp\/v2\/pages\/407\/revisions"}],"predecessor-version":[{"id":601,"href":"https:\/\/championsswim.pl\/wp-json\/wp\/v2\/pages\/407\/revisions\/601"}],"wp:attachment":[{"href":"https:\/\/championsswim.pl\/wp-json\/wp\/v2\/media?parent=407"}],"curies":[{"name":"wp","href":"https:\/\/api.w.org\/{rel}","templated":true}]}}