{"id":571,"date":"2025-08-28T12:53:49","date_gmt":"2025-08-28T12:53:49","guid":{"rendered":"https:\/\/championsswim.pl\/?page_id=571"},"modified":"2025-09-08T08:44:31","modified_gmt":"2025-09-08T08:44:31","slug":"faq","status":"publish","type":"page","link":"https:\/\/championsswim.pl\/faq\/","title":{"rendered":"FAQ"},"content":{"rendered":"<p>[et_pb_section fb_built=&#8221;1&#8243; _builder_version=&#8221;4.15.1&#8243; _module_preset=&#8221;default&#8221; global_colors_info=&#8221;{}&#8221;][et_pb_row _builder_version=&#8221;4.15.1&#8243; _module_preset=&#8221;default&#8221; custom_margin=&#8221;|auto||410px||&#8221; global_colors_info=&#8221;{}&#8221;][et_pb_column type=&#8221;4_4&#8243; _builder_version=&#8221;4.15.1&#8243; _module_preset=&#8221;default&#8221; global_colors_info=&#8221;{}&#8221;][et_pb_text _builder_version=&#8221;4.15.1&#8243; _module_preset=&#8221;default&#8221; custom_margin=&#8221;||2px|||&#8221; global_colors_info=&#8221;{}&#8221;]<\/p>\n<h1 data-start=\"227\" data-end=\"265\"><span style=\"color: #265485;\"><strong>\u2753 FAQ \u2013 Najcz\u0119\u015bciej zadawane pytania<\/strong><strong>\u2753<\/strong><\/span><\/h1>\n<p><strong><\/strong><\/p>\n<p>[\/et_pb_text][et_pb_toggle title=&#8221;1. Ile trwa lekcja p\u0142ywania?&#8221; open_toggle_text_color=&#8221;#265485&#8243; title_last_edited=&#8221;off|desktop&#8221; _builder_version=&#8221;4.15.1&#8243; _module_preset=&#8221;default&#8221; title_font=&#8221;|800|||||||&#8221; title_font_size=&#8221;18px&#8221; global_colors_info=&#8221;{}&#8221; title__hover_enabled=&#8221;off|desktop&#8221;]<\/p>\n<p><span style=\"color: #bb9a54;\">Standardowe zaj\u0119cia trwaj\u0105 <strong data-start=\"329\" data-end=\"341\">45 minut<\/strong>.<\/span><br data-start=\"342\" data-end=\"345\" \/><span style=\"color: #bb9a54;\">Wyj\u0105tkiem jest grupa <strong data-start=\"366\" data-end=\"395\">TRENING\/ TRIATHLON<\/strong>, gdzie zaj\u0119cia trwaj\u0105 <strong data-start=\"410\" data-end=\"422\">60 minut<\/strong>.<\/span><\/p>\n<p>[\/et_pb_toggle][et_pb_toggle title=&#8221;2. Gdzie odbywaj\u0105 si\u0119 zaj\u0119cia Champions Swim?&#8221; open_toggle_text_color=&#8221;#265485&#8243; title_last_edited=&#8221;off|desktop&#8221; _builder_version=&#8221;4.15.1&#8243; _module_preset=&#8221;default&#8221; title_font=&#8221;|800|||||||&#8221; title_font_size=&#8221;18px&#8221; custom_margin=&#8221;-25px||34px|||&#8221; global_colors_info=&#8221;{}&#8221; title__hover_enabled=&#8221;off|desktop&#8221;]<\/p>\n<p data-start=\"484\" data-end=\"539\"><span style=\"color: #bb9a54;\">Prowadzimy zaj\u0119cia na kilku p\u0142ywalniach w Bydgoszczy:<br \/><\/span><span style=\"color: #bb9a54;\"><strong data-start=\"542\" data-end=\"553\">&#8211; Astoria<\/strong> \u2013 ul. Kr\u00f3lowej Jadwigi 23<br \/><\/span><span style=\"color: #bb9a54;\"><strong data-start=\"584\" data-end=\"593\">&#8211; Bryza<\/strong> \u2013 ul. Seweryna Goszczy\u0144skiego 3<br \/><\/span><span style=\"color: #bb9a54;\"><strong data-start=\"630\" data-end=\"638\">&#8211; Ikar<\/strong> \u2013 ul. Tomasza Golloba 7<\/span><\/p>\n<p data-start=\"666\" data-end=\"696\"><span style=\"color: #bb9a54;\">W wakacje (lipiec\u2013sierpie\u0144):<br \/><\/span><span style=\"color: #bb9a54;\"><strong data-start=\"699\" data-end=\"726\">&#8211; Tor regatowy Brdyuj\u015bcie<\/strong>, ul. Witebska 26<br \/><\/span><span style=\"color: #bb9a54;\"><strong data-start=\"748\" data-end=\"782\">&#8211; Jezioro Bor\u00f3wno \u2013 pla\u017ca mors\u00f3w<\/strong>, ul. S\u0142oneczna 34 (gdy tor regatowy jest nieczynny)<\/span><\/p>\n<p>[\/et_pb_toggle][et_pb_toggle title=&#8221;3. Ile kosztuj\u0105 zaj\u0119cia?&#8221; open_toggle_text_color=&#8221;#265485&#8243; title_last_edited=&#8221;off|desktop&#8221; _builder_version=&#8221;4.15.1&#8243; _module_preset=&#8221;default&#8221; title_font=&#8221;|800|||||||&#8221; title_font_size=&#8221;18px&#8221; custom_margin=&#8221;-28px|||||&#8221; global_colors_info=&#8221;{}&#8221; title__hover_enabled=&#8221;off|desktop&#8221;]<\/p>\n<h3 data-start=\"843\" data-end=\"873\"><span style=\"color: #bb9a54;\"><strong><\/strong><\/span><\/h3>\n<p data-start=\"874\" data-end=\"1032\"><span style=\"color: #bb9a54;\">Aktualny cennik znajdziesz w zak\u0142adce <strong data-start=\"912\" data-end=\"922\">Oferta<\/strong> na naszej stronie.<\/span><br data-start=\"941\" data-end=\"944\" \/><span style=\"color: #bb9a54;\">W przypadku zaj\u0119\u0107 <strong data-start=\"962\" data-end=\"989\">w parach lub rodzinnych<\/strong> cena i termin ustalane s\u0105 indywidualnie.<\/span><\/p>\n<p>[\/et_pb_toggle][et_pb_toggle title=&#8221;4. Jak wygl\u0105da wej\u015bcie na basen?&#8221; open_toggle_text_color=&#8221;#265485&#8243; title_last_edited=&#8221;off|desktop&#8221; _builder_version=&#8221;4.15.1&#8243; _module_preset=&#8221;default&#8221; title_font=&#8221;|800|||||||&#8221; title_font_size=&#8221;18px&#8221; custom_margin=&#8221;-22px||34px|||&#8221; global_colors_info=&#8221;{}&#8221; title__hover_enabled=&#8221;off|desktop&#8221;]<\/p>\n<ul>\n<li data-start=\"1080\" data-end=\"1148\"><span style=\"color: #bb9a54;\">Instruktor pojawia si\u0119 <strong data-start=\"1254\" data-end=\"1282\">10 minut przed zaj\u0119ciami<\/strong>, aby rozda\u0107 kluczyki do szafek przed kas\u0105 p\u0142ywalni.<\/span><br \/><span style=\"color: #bb9a54;\"><span style=\"text-decoration: underline;\">Astoria:<\/span> je\u015bli rodzic chce wej\u015b\u0107 z dzieckiem do szatni to otrzymuje opask\u0119 rodzicielsk\u0105 wa\u017cn\u0105 15min. Pod koniec zaj\u0119\u0107 mo\u017ce j\u0105 wzi\u0105\u0107 samodzielnie w kasie p\u0142ywalni. Film instrukta\u017cowy: <a href=\"https:\/\/youtube.com\/shorts\/JBMvn0A9678?feature=share\">https:\/\/youtube.com\/shorts\/JBMvn0A9678?feature=share<\/a><\/span><\/li>\n<li data-start=\"1080\" data-end=\"1148\"><span style=\"color: #bb9a54;\">Przy zaj\u0119ciach <strong data-start=\"1159\" data-end=\"1175\" style=\"font-size: 14px;\">indywidualnych <\/strong>mog\u0105 wyst\u0105pi\u0107 zmiany<span style=\"font-size: 14px;\">. O szczeg\u00f3\u0142y zapytaj instruktora.<\/span><\/span><\/li>\n<\/ul>\n<p>[\/et_pb_toggle][et_pb_toggle title=&#8221;5.  Czy rodzic mo\u017ce\/musi by\u0107 obecny w trakcie zaj\u0119\u0107?&#8221; open_toggle_text_color=&#8221;#265485&#8243; title_last_edited=&#8221;off|desktop&#8221; _builder_version=&#8221;4.15.1&#8243; _module_preset=&#8221;default&#8221; title_font=&#8221;|800|||||||&#8221; title_font_size=&#8221;18px&#8221; min_height=&#8221;50px&#8221; custom_margin=&#8221;-28px|||||&#8221; custom_padding=&#8221;22px|||||&#8221; global_colors_info=&#8221;{}&#8221; title__hover_enabled=&#8221;off|desktop&#8221;]<\/p>\n<ul data-start=\"1410\" data-end=\"1651\">\n<li data-start=\"1410\" data-end=\"1471\">\n<p data-start=\"1474\" data-end=\"1520\"><span style=\"color: #bb9a54;\">W czasie zaj\u0119\u0107 rodzic mo\u017ce ogl\u0105da\u0107 zaj\u0119cia na trybunach.<\/span><\/p>\n<\/li>\n<li data-start=\"1521\" data-end=\"1592\">\n<p data-start=\"1523\" data-end=\"1592\"><span style=\"color: #bb9a54;\">Je\u015bli dziecko jest mocno zwi\u0105zane z rodzicem to rodzic mo\u017ce przebywa\u0107 na zaj\u0119ciach w wodzie, ale musi wykupi\u0107 sobie bilet wst\u0119pu wg cennika p\u0142ywalni.<\/span><\/p>\n<\/li>\n<\/ul>\n<p>[\/et_pb_toggle][et_pb_toggle title=&#8221;6. Jak liczne s\u0105 grupy?&#8221; open_toggle_text_color=&#8221;#265485&#8243; title_last_edited=&#8221;off|desktop&#8221; _builder_version=&#8221;4.15.1&#8243; _module_preset=&#8221;default&#8221; title_font=&#8221;|800|||||||&#8221; title_font_size=&#8221;18px&#8221; custom_margin=&#8221;-23px||35px|||&#8221; custom_padding=&#8221;||17px|||&#8221; global_colors_info=&#8221;{}&#8221; title__hover_enabled=&#8221;off|desktop&#8221;]<\/p>\n<p data-start=\"1690\" data-end=\"1732\"><span style=\"color: #bb9a54;\">Zaj\u0119cia grupowe: maksymalnie <strong data-start=\"1719\" data-end=\"1729\">8 os\u00f3b<\/strong>.<\/span><\/p>\n<p data-start=\"1735\" data-end=\"1772\"><span style=\"color: #bb9a54;\">Grupa TRENING\/TRIATHLON: do <strong data-start=\"1758\" data-end=\"1769\">16 os\u00f3b <\/strong>(tor 50m)<\/span><\/p>\n<p>[\/et_pb_toggle][et_pb_toggle title=&#8221;7. Czy mog\u0119 zap\u0142aci\u0107 za zaj\u0119cia jednorazowo?&#8221; open_toggle_text_color=&#8221;#265485&#8243; title_last_edited=&#8221;off|desktop&#8221; _builder_version=&#8221;4.15.1&#8243; _module_preset=&#8221;default&#8221; title_font=&#8221;|800|||||||&#8221; title_font_size=&#8221;18px&#8221; min_height=&#8221;60px&#8221; custom_margin=&#8221;-28px||35px|||&#8221; global_colors_info=&#8221;{}&#8221; title__hover_enabled=&#8221;off|desktop&#8221;]<\/p>\n<p data-start=\"1690\" data-end=\"1732\">Op\u0142ata jednorazowa dotyczy tylko zaj\u0119\u0107 pr\u00f3bnych.\u00a0<\/p>\n<p data-start=\"1690\" data-end=\"1732\"><strong data-start=\"4290\" data-end=\"4327\">Obowi\u0105zuj\u0105 op\u0142aty miesi\u0119czne lub semestralne<\/strong>. W wyj\u0105tkowych sytuacjach za zgod\u0105 szko\u0142y p\u0142ywania istnieje mo\u017cliwo\u015b\u0107 p\u0142atno\u015bci za pojedyncze zaj\u0119cia\/ podzielenia na raty.\u00a0<\/p>\n<h3 data-start=\"4217\" data-end=\"4268\"><\/h3>\n<p>[\/et_pb_toggle][et_pb_toggle title=&#8221;8. Jak wygl\u0105da kwestia parkingu?&#8221; open_toggle_text_color=&#8221;#265485&#8243; title_last_edited=&#8221;off|desktop&#8221; _builder_version=&#8221;4.15.1&#8243; _module_preset=&#8221;default&#8221; title_font=&#8221;|800|||||||&#8221; title_font_size=&#8221;18px&#8221; custom_margin=&#8221;-28px||33px|||&#8221; custom_padding=&#8221;||16px|||&#8221; global_colors_info=&#8221;{}&#8221; title__hover_enabled=&#8221;off|desktop&#8221;]<\/p>\n<ul data-start=\"1943\" data-end=\"2097\">\n<li data-start=\"1943\" data-end=\"2041\">\n<p data-start=\"1945\" data-end=\"2041\"><span style=\"color: #bb9a54;\"><strong data-start=\"1945\" data-end=\"1956\">Astoria<\/strong> \u2013 parking p\u0142atny przy basenie; bezp\u0142atny dost\u0119pny przy ul. Rejtana od godz. 17:00.<\/span><\/p>\n<\/li>\n<li data-start=\"2042\" data-end=\"2097\">\n<p data-start=\"2044\" data-end=\"2097\"><span style=\"color: #bb9a54;\"><strong data-start=\"2044\" data-end=\"2060\">Bryza i Ikar<\/strong> \u2013 bezp\u0142atny parking przy p\u0142ywalni.<\/span><\/p>\n<\/li>\n<\/ul>\n<p>[\/et_pb_toggle][et_pb_toggle title=&#8221;9. Czy w czasie zaj\u0119\u0107 dzieci s\u0105 bezpieczne?&#8221; open_toggle_text_color=&#8221;#265485&#8243; title_last_edited=&#8221;off|desktop&#8221; _builder_version=&#8221;4.15.1&#8243; _module_preset=&#8221;default&#8221; title_font=&#8221;|800|||||||&#8221; title_font_size=&#8221;18px&#8221; min_height=&#8221;59px&#8221; custom_margin=&#8221;-27px||29px|||&#8221; custom_padding=&#8221;18px||0px|||&#8221; global_colors_info=&#8221;{}&#8221; title__hover_enabled=&#8221;off|desktop&#8221;]<\/p>\n<p><span style=\"color: #bb9a54;\">Tak \u2013 ka\u017cdy instruktor posiada odpowiednie kwalifikacje i do\u015bwiadczenie. Grupy s\u0105 kameralne, a baseny posiadaj\u0105 ratownik\u00f3w.<\/span><\/p>\n<p>[\/et_pb_toggle][et_pb_toggle title=&#8221;10. Co nale\u017cy zabra\u0107 na basen?&#8221; open_toggle_text_color=&#8221;#265485&#8243; title_last_edited=&#8221;off|desktop&#8221; _builder_version=&#8221;4.15.1&#8243; _module_preset=&#8221;default&#8221; title_font=&#8221;|800|||||||&#8221; title_font_size=&#8221;18px&#8221; min_height=&#8221;52px&#8221; custom_margin=&#8221;-24px||34px|||&#8221; custom_padding=&#8221;||14px|||&#8221; global_colors_info=&#8221;{}&#8221; title__hover_enabled=&#8221;off|desktop&#8221;]<\/p>\n<p data-start=\"2304\" data-end=\"2336\"><span style=\"color: #bb9a54;\">Ka\u017cdy uczestnik powinien mie\u0107 obowi\u0105zkowo: <strong data-start=\"2339\" data-end=\"2349\">czepek, klapki, r\u0119cznik i str\u00f3j k\u0105pielowy<\/strong><\/span><\/p>\n<p data-start=\"2369\" data-end=\"2428\"><span style=\"color: #bb9a54;\"><strong data-start=\"2369\" data-end=\"2391\">Okularki p\u0142ywackie<\/strong> &#8211; nie s\u0105 obowi\u0105zkowe, ale zalecane.\u00a0<\/span><\/p>\n<p>[\/et_pb_toggle][et_pb_toggle title=&#8221;11. Czy mo\u017cna zapisa\u0107 siebie\/dziecko w trakcie semestru?&#8221; open_toggle_text_color=&#8221;#265485&#8243; title_last_edited=&#8221;off|desktop&#8221; _builder_version=&#8221;4.15.1&#8243; _module_preset=&#8221;default&#8221; title_font=&#8221;|800|||||||&#8221; title_font_size=&#8221;18px&#8221; min_height=&#8221;52px&#8221; custom_margin=&#8221;-27px||34px|||&#8221; custom_padding=&#8221;||14px|||&#8221; global_colors_info=&#8221;{}&#8221; title__hover_enabled=&#8221;off|desktop&#8221;]<\/p>\n<p data-start=\"2304\" data-end=\"2336\"><span style=\"color: #bb9a54;\">Tak, mo\u017cna do\u0142\u0105czy\u0107 do grupy w dowolnym momencie, je\u015bli s\u0105 wolne miejsca. Cena zaj\u0119\u0107 za miesi\u0105c zostanie wtedy proporcjonalnie obni\u017cona.<\/span><\/p>\n<p>[\/et_pb_toggle][et_pb_toggle title=&#8221;12. Czy organizujecie zaj\u0119cia pr\u00f3bne?&#8221; open_toggle_text_color=&#8221;#265485&#8243; title_last_edited=&#8221;off|desktop&#8221; _builder_version=&#8221;4.15.1&#8243; _module_preset=&#8221;default&#8221; title_font=&#8221;|800|||||||&#8221; title_font_size=&#8221;18px&#8221; min_height=&#8221;52px&#8221; custom_margin=&#8221;-27px||34px|||&#8221; custom_padding=&#8221;||14px|||&#8221; global_colors_info=&#8221;{}&#8221; title__hover_enabled=&#8221;off|desktop&#8221;]<\/p>\n<p data-start=\"2304\" data-end=\"2336\"><span style=\"color: #bb9a54;\">Tak, oferujemy <strong data-start=\"2731\" data-end=\"2749\">zaj\u0119cia pr\u00f3bne<\/strong> \u2013 to \u015bwietna okazja, aby sprawdzi\u0107, czy doros\u0142y\/dziecko czuje si\u0119 komfortowo w wodzie i czy odpowiada mu atmosfera na basenie.<\/span><\/p>\n<p>[\/et_pb_toggle][et_pb_toggle title=&#8221;13. Co w przypadku nieobecno\u015bci dziecka na zaj\u0119ciach?&#8221; open_toggle_text_color=&#8221;#265485&#8243; title_last_edited=&#8221;off|desktop&#8221; _builder_version=&#8221;4.15.1&#8243; _module_preset=&#8221;default&#8221; title_font=&#8221;|800|||||||&#8221; title_font_size=&#8221;18px&#8221; min_height=&#8221;52px&#8221; custom_margin=&#8221;-27px||34px|||&#8221; custom_padding=&#8221;||14px|||&#8221; global_colors_info=&#8221;{}&#8221; title__hover_enabled=&#8221;off|desktop&#8221;]<\/p>\n<p data-start=\"2304\" data-end=\"2336\"><span style=\"color: #bb9a54;\">Nieobecno\u015b\u0107 nale\u017cy zg\u0142osi\u0107 (najlepiej) przez aplikacj\u0119 ActiveNow. Zg\u0142oszone nieobecno\u015bci mo\u017cna odrabia\u0107. Ch\u0119\u0107 odrobienia zaj\u0119\u0107 nale\u017cy zg\u0142osi\u0107 w aplikacji ActiveNow. Ze wzgl\u0119du na ograniczone funkcjonowanie systemu, w ActiveNow wy\u015bwietlaj\u0105 si\u0119 tylko dost\u0119pne terminy dla kurs\u00f3w, kt\u00f3re aktualnie trwaj\u0105. Je\u015bli brakuje terminu do odrobienia zaj\u0119\u0107 &#8211; skontaktuj si\u0119 z nami.\u00a0<\/span><br \/><span style=\"color: #bb9a54;\"><strong>Film instrukta\u017cowy<\/strong>: <a href=\"https:\/\/youtube.com\/shorts\/2wM0rOyPLwk\">https:\/\/youtube.com\/shorts\/2wM0rOyPLwk<\/a><\/span><\/p>\n<p>[\/et_pb_toggle][et_pb_toggle title=&#8221;14. Jak mog\u0119 zapisa\u0107 siebie\/dziecko na zaj\u0119cia? Czy mog\u0119 zrobi\u0107 to przez ActiveNow?&#8221; open_toggle_text_color=&#8221;#265485&#8243; title_last_edited=&#8221;off|desktop&#8221; _builder_version=&#8221;4.15.1&#8243; _module_preset=&#8221;default&#8221; title_font=&#8221;|800|||||||&#8221; title_font_size=&#8221;18px&#8221; min_height=&#8221;52px&#8221; custom_margin=&#8221;-27px||34px|||&#8221; custom_padding=&#8221;||14px|||&#8221; global_colors_info=&#8221;{}&#8221; title__hover_enabled=&#8221;off|desktop&#8221;]<\/p>\n<p data-start=\"2304\" data-end=\"2336\"><span style=\"color: #bb9a54;\">Zapisy prowadzimy przez formularz kontaktowy na stronie internetowej (najwygodniejsza forma), mailowo lub telefonicznie. Zg\u0142oszenie mo\u017cna te\u017c z\u0142o\u017cy\u0107 bezpo\u015brednio u instruktora na p\u0142ywalni.<br \/><\/span><\/p>\n<p data-start=\"2304\" data-end=\"2336\"><span style=\"color: #bb9a54;\">Je\u015bli jeste\u015b lub by\u0142e\u015b naszym podopiecznym to nie musisz wype\u0142nia\u0107 formularza na stronie. Mo\u017cesz zapisa\u0107 si\u0119 na zaj\u0119cia przez sw\u00f3j profil w aplikacji ActiveNow. <\/span><\/p>\n<p data-start=\"2304\" data-end=\"2336\"><span style=\"color: #bb9a54;\">Instrukcja: <a href=\"https:\/\/youtube.com\/shorts\/NVZu8eDEUps\" target=\"_blank\" rel=\"noopener\">https:\/\/youtube.com\/shorts\/NVZu8eDEUps<\/a><\/span><\/p>\n<p data-start=\"2304\" data-end=\"2336\"><span style=\"color: #bb9a54;\">\u00a0<\/span><\/p>\n<p>[\/et_pb_toggle][et_pb_toggle title=&#8221;15. W jakim wieku dziecko mo\u017ce rozpocz\u0105\u0107 nauk\u0119 p\u0142ywania?&#8221; open_toggle_text_color=&#8221;#265485&#8243; title_last_edited=&#8221;off|desktop&#8221; _builder_version=&#8221;4.15.1&#8243; _module_preset=&#8221;default&#8221; title_font=&#8221;|800|||||||&#8221; title_font_size=&#8221;18px&#8221; min_height=&#8221;52px&#8221; custom_margin=&#8221;-27px||34px|||&#8221; custom_padding=&#8221;||14px|||&#8221; global_colors_info=&#8221;{}&#8221; title__hover_enabled=&#8221;off|desktop&#8221;]<\/p>\n<p data-start=\"2304\" data-end=\"2336\"><span style=\"color: #bb9a54;\">Zaj\u0119cia prowadzimy ju\u017c dla <strong data-start=\"3405\" data-end=\"3428\">najm\u0142odszych dzieci<\/strong> : od 4\u20135 lat. Starsze dzieci, m\u0142odzie\u017c i doro\u015bli r\u00f3wnie\u017c znajd\u0105 odpowiednie grupy dla siebie.<\/span><\/p>\n<p>[\/et_pb_toggle][et_pb_toggle title=&#8221;16. Czy prowadzicie zaj\u0119cia dla doros\u0142ych?&#8221; open_toggle_text_color=&#8221;#265485&#8243; title_last_edited=&#8221;off|desktop&#8221; _builder_version=&#8221;4.15.1&#8243; _module_preset=&#8221;default&#8221; title_font=&#8221;|800|||||||&#8221; title_font_size=&#8221;18px&#8221; min_height=&#8221;52px&#8221; custom_margin=&#8221;-27px||34px|||&#8221; custom_padding=&#8221;||14px|||&#8221; global_colors_info=&#8221;{}&#8221; title__hover_enabled=&#8221;off|desktop&#8221;]<\/p>\n<p data-start=\"2304\" data-end=\"2336\"><span style=\"color: #bb9a54;\">Tak, w naszej ofercie s\u0105 zaj\u0119cia <strong data-start=\"3613\" data-end=\"3645\">dla doros\u0142ych pocz\u0105tkuj\u0105cych<\/strong>, a tak\u017ce <strong data-start=\"3655\" data-end=\"3703\">dla os\u00f3b chc\u0105cych poprawi\u0107 technik\u0119 p\u0142ywania<\/strong> czy przygotowa\u0107 si\u0119 do start\u00f3w w zawodach p\u0142ywackich lub triathlonowych.<\/span><\/p>\n<p>[\/et_pb_toggle][\/et_pb_column][\/et_pb_row][\/et_pb_section]<\/p>\n","protected":false},"excerpt":{"rendered":"<p>\u2753 FAQ \u2013 Najcz\u0119\u015bciej zadawane pytania\u2753 Standardowe zaj\u0119cia trwaj\u0105 45 minut.Wyj\u0105tkiem jest grupa TRENING\/ TRIATHLON, gdzie zaj\u0119cia trwaj\u0105 60 minut.Prowadzimy zaj\u0119cia na kilku p\u0142ywalniach w Bydgoszczy:- Astoria \u2013 ul. Kr\u00f3lowej Jadwigi 23- Bryza \u2013 ul. Seweryna Goszczy\u0144skiego 3- Ikar \u2013 ul. Tomasza Golloba 7 W wakacje (lipiec\u2013sierpie\u0144):- Tor regatowy Brdyuj\u015bcie, ul. Witebska 26- Jezioro Bor\u00f3wno [&hellip;]<\/p>\n","protected":false},"author":2,"featured_media":0,"parent":0,"menu_order":0,"comment_status":"closed","ping_status":"closed","template":"","meta":{"_et_pb_use_builder":"on","_et_pb_old_content":"","_et_gb_content_width":"","footnotes":""},"class_list":["post-571","page","type-page","status-publish","hentry"],"_links":{"self":[{"href":"https:\/\/championsswim.pl\/wp-json\/wp\/v2\/pages\/571"}],"collection":[{"href":"https:\/\/championsswim.pl\/wp-json\/wp\/v2\/pages"}],"about":[{"href":"https:\/\/championsswim.pl\/wp-json\/wp\/v2\/types\/page"}],"author":[{"embeddable":true,"href":"https:\/\/championsswim.pl\/wp-json\/wp\/v2\/users\/2"}],"replies":[{"embeddable":true,"href":"https:\/\/championsswim.pl\/wp-json\/wp\/v2\/comments?post=571"}],"version-history":[{"count":11,"href":"https:\/\/championsswim.pl\/wp-json\/wp\/v2\/pages\/571\/revisions"}],"predecessor-version":[{"id":605,"href":"https:\/\/championsswim.pl\/wp-json\/wp\/v2\/pages\/571\/revisions\/605"}],"wp:attachment":[{"href":"https:\/\/championsswim.pl\/wp-json\/wp\/v2\/media?parent=571"}],"curies":[{"name":"wp","href":"https:\/\/api.w.org\/{rel}","templated":true}]}}