{"id":61,"date":"2021-12-06T18:59:41","date_gmt":"2021-12-06T18:59:41","guid":{"rendered":"https:\/\/championsswim.pl\/?page_id=61"},"modified":"2025-09-24T12:23:45","modified_gmt":"2025-09-24T12:23:45","slug":"o-nas","status":"publish","type":"page","link":"https:\/\/championsswim.pl\/o-nas\/","title":{"rendered":"O NAS"},"content":{"rendered":"<p>[et_pb_section fb_built=&#8221;1&#8243; admin_label=&#8221;Person&#8221; _builder_version=&#8221;4.15.1&#8243; _module_preset=&#8221;default&#8221; global_colors_info=&#8221;{}&#8221;][et_pb_row column_structure=&#8221;1_2,1_2&#8243; _builder_version=&#8221;4.15.1&#8243; _module_preset=&#8221;default&#8221; custom_margin=&#8221;|auto|-32px|auto||&#8221; global_colors_info=&#8221;{}&#8221;][et_pb_column type=&#8221;1_2&#8243; _builder_version=&#8221;4.15.1&#8243; _module_preset=&#8221;default&#8221; global_colors_info=&#8221;{}&#8221;][et_pb_text _builder_version=&#8221;4.15.1&#8243; _module_preset=&#8221;default&#8221; text_font=&#8221;||||||||&#8221; text_text_color=&#8221;RGBA(255,255,255,0)&#8221; text_font_size=&#8221;18px&#8221; text_line_height=&#8221;1.2em&#8221; header_text_color=&#8221;RGBA(255,255,255,0)&#8221; header_font_size=&#8221;40px&#8221; width=&#8221;138.8%&#8221; custom_margin=&#8221;|-350px||||&#8221; custom_padding=&#8221;|0px||||&#8221; locked=&#8221;off&#8221; global_colors_info=&#8221;{}&#8221; text_text_color__hover_enabled=&#8221;on|desktop&#8221; text_text_color__hover=&#8221;RGBA(255,255,255,0)&#8221;]<\/p>\n<h1 style=\"text-align: justify;\"><span style=\"color: #265485;\"><strong>O NAS<\/strong><\/span><\/h1>\n<p class=\"cvGsUA direction-ltr align-justify para-style-body\" style=\"text-align: justify;\"><span class=\"OYPEnA font-feature-liga-off font-feature-clig-off font-feature-calt-off text-decoration-none text-strikethrough-none\" style=\"color: #265485;\">Champions Swim powsta\u0142<\/span><span style=\"color: #265485;\">o w 2021 roku z inicjatywy Hanny Bakuniak. Za\u0142o\u017cycielka po wi<\/span><span style=\"color: #265485;\">elu latach p\u0142ywackiej kariery pragnie przekazywa\u0107 innym zdobyt\u0105 wiedz\u0119 i do\u015bwiadczenie. Podczas swojej wie<\/span><span style=\"color: #265485;\">loletniej przygody ze sportem osi\u0105gn\u0119\u0142a m.in.: Rekordy Guinnessa, Rekordy \u015awiata, Medale Mistrzostw \u015awiata w zimowym p\u0142ywaniu, tytu\u0142 Iron IceWoman, przep\u0142yni\u0119cie Kana\u0142u Catalina, wiele medali Mistrzostw Polski w p\u0142ywaniu na basenie oraz na wodach otwartych.<\/span><\/p>\n<p class=\"cvGsUA direction-ltr align-justify para-style-body\" style=\"text-align: justify;\"><span class=\"OYPEnA font-feature-liga-off font-feature-clig-off font-feature-calt-off text-decoration-none text-strikethrough-none\" style=\"color: #265485;\">Hania z wykszta\u0142cenia jest magistrem mened\u017cera sportu. Opr\u00f3cz tego posiada uprawnienia instruktora p\u0142ywania, s\u0119dziego p\u0142ywania I klasy oraz s\u0119dziego sportowego ratownictwa wodnego klasy C.<\/span><\/p>\n<p>[\/et_pb_text][\/et_pb_column][et_pb_column type=&#8221;1_2&#8243; _builder_version=&#8221;4.15.1&#8243; _module_preset=&#8221;default&#8221; global_colors_info=&#8221;{}&#8221;][et_pb_text _builder_version=&#8221;4.15.1&#8243; _module_preset=&#8221;default&#8221; global_colors_info=&#8221;{}&#8221;]<\/p>\n<p><img loading=\"lazy\" decoding=\"async\" src=\"https:\/\/championsswim.pl\/wp-content\/uploads\/2023\/02\/Logo_CS-300x300.png\" width=\"284\" height=\"284\" alt=\"\" class=\"wp-image-255 alignleft size-medium\" style=\"float: right;\" \/><\/p>\n<p>[\/et_pb_text][\/et_pb_column][\/et_pb_row][et_pb_row column_structure=&#8221;1_3,2_3&#8243; _builder_version=&#8221;4.15.1&#8243; _module_preset=&#8221;default&#8221; width=&#8221;99.8%&#8221; min_height=&#8221;386.2px&#8221; custom_margin=&#8221;|auto|-31px|auto||&#8221; global_colors_info=&#8221;{}&#8221;][et_pb_column type=&#8221;1_3&#8243; _builder_version=&#8221;4.15.1&#8243; _module_preset=&#8221;default&#8221; global_colors_info=&#8221;{}&#8221;][et_pb_image src=&#8221;https:\/\/championsswim.pl\/wp-content\/uploads\/2024\/12\/Zrzut-ekranu-2024-12-20-120044.png&#8221; title_text=&#8221;Zrzut ekranu 2024-12-20 120044&#8243; _builder_version=&#8221;4.15.1&#8243; _module_preset=&#8221;default&#8221; global_colors_info=&#8221;{}&#8221;][\/et_pb_image][\/et_pb_column][et_pb_column type=&#8221;2_3&#8243; _builder_version=&#8221;4.15.1&#8243; _module_preset=&#8221;default&#8221; global_colors_info=&#8221;{}&#8221;][et_pb_text _builder_version=&#8221;4.15.1&#8243; _module_preset=&#8221;default&#8221; text_font=&#8221;||||||||&#8221; text_font_size=&#8221;18px&#8221; text_line_height=&#8221;1.2em&#8221; header_font_size=&#8221;40px&#8221; header_line_height=&#8221;1.2em&#8221; width=&#8221;100%&#8221; custom_margin=&#8221;|124px||||&#8221; custom_padding=&#8221;|0px||0px||&#8221; global_colors_info=&#8221;{}&#8221;]<\/p>\n<h1 style=\"text-align: justify;\"><span style=\"color: #265485;\"><strong><span class=\"OYPEnA font-feature-liga-off font-feature-clig-off font-feature-calt-off text-decoration-none text-strikethrough-none\">WIZJA<\/span><\/strong><\/span><\/h1>\n<p style=\"text-align: justify;\"><span class=\"OYPEnA font-feature-liga-off font-feature-clig-off font-feature-calt-off text-decoration-none text-strikethrough-none\" style=\"color: #265485;\">Nasza p\u0142ywacka wizja, to przekaz zar\u00f3wno wiedzy jak i umiej\u0119tno\u015bci p\u0142ywackich ka\u017cdemu cz\u0142owiekowi, bez wzgl\u0119du na to w jakim jest wieku, jak jest sprawny fizycznie, jakie ma do\u015bwiadczenie p\u0142ywackie, motywacje i cele<\/span><\/p>\n<h1 style=\"text-align: justify;\"><span style=\"color: #265485;\"><strong><span class=\"OYPEnA font-feature-liga-off font-feature-clig-off font-feature-calt-off text-decoration-none text-strikethrough-none\">MISJA<\/span><\/strong><\/span><\/h1>\n<p class=\"cvGsUA direction-ltr align-justify para-style-body\" style=\"text-align: justify;\"><span class=\"OYPEnA font-feature-liga-off font-feature-clig-off font-feature-calt-off text-decoration-none text-strikethrough-none\" style=\"color: #265485;\">G\u0142\u00f3wnym celem jest rozwijanie umiej\u0119tno\u015bci p\u0142ywackich os\u00f3b w ka\u017cdym wieku,<br \/>w tym przyczynienie si\u0119 do spadku liczby utoni\u0119\u0107 oraz zach\u0119cenie do aktywno\u015bci fizycznej. W zwi\u0105zku z tym pomagamy prze\u0142ama\u0107 l\u0119k przed wod\u0105, poczu\u0107 si\u0119 pewnie i swobodnie w \u015brodowisku wodnym.<\/span><\/p>\n<p class=\"cvGsUA direction-ltr align-justify para-style-body\" style=\"text-align: justify;\"><span style=\"color: #265485;\"><span class=\"OYPEnA font-feature-liga-off font-feature-clig-off font-feature-calt-off text-decoration-none text-strikethrough-none\">Dodatkowo uczymy jak zachowa\u0107 bezpiecze\u0144stwo w wodzie i w pobli\u017cu niej poniewa\u017c \u017cycie ludzkie stanowi najwi\u0119ksz\u0105 warto\u015b\u0107.<\/span><span class=\"OYPEnA font-feature-liga-off font-feature-clig-off font-feature-calt-off text-decoration-none text-strikethrough-none white-space-prewrap\"> <\/span><\/span><\/p>\n<p>[\/et_pb_text][\/et_pb_column][\/et_pb_row][et_pb_row column_structure=&#8221;1_2,1_2&#8243; _builder_version=&#8221;4.15.1&#8243; _module_preset=&#8221;default&#8221; min_height=&#8221;640px&#8221; custom_padding=&#8221;||0px|||&#8221; global_colors_info=&#8221;{}&#8221;][et_pb_column type=&#8221;1_2&#8243; _builder_version=&#8221;4.15.1&#8243; _module_preset=&#8221;default&#8221; global_colors_info=&#8221;{}&#8221;][et_pb_text _builder_version=&#8221;4.15.1&#8243; _module_preset=&#8221;default&#8221; text_font=&#8221;||||||||&#8221; text_text_color=&#8221;#BB9A54&#8243; text_font_size=&#8221;18px&#8221; text_line_height=&#8221;1.2em&#8221; header_text_color=&#8221;RGBA(255,255,255,0)&#8221; header_font_size=&#8221;40px&#8221; width=&#8221;141.3%&#8221; custom_margin=&#8221;|-266px||||&#8221; custom_padding=&#8221;|18px||||&#8221; locked=&#8221;off&#8221; global_colors_info=&#8221;{}&#8221; text_text_color__hover_enabled=&#8221;on|desktop&#8221; text_text_color__hover=&#8221;#BB9A54&#8243;]<\/p>\n<h1 style=\"text-align: center;\"><span style=\"color: #265485;\"><strong>KADRA<\/strong><\/span><\/h1>\n<p><span style=\"color: #265485;\"><strong><img loading=\"lazy\" decoding=\"async\" src=\"https:\/\/championsswim.pl\/wp-content\/uploads\/2024\/12\/Zrzut-ekranu-2024-12-20-122257-300x45.png\" width=\"300\" height=\"45\" alt=\"\" class=\"wp-image-424 alignleft size-medium\" srcset=\"https:\/\/championsswim.pl\/wp-content\/uploads\/2024\/12\/Zrzut-ekranu-2024-12-20-122257-300x45.png 300w, https:\/\/championsswim.pl\/wp-content\/uploads\/2024\/12\/Zrzut-ekranu-2024-12-20-122257.png 328w\" sizes=\"(max-width: 300px) 100vw, 300px\" \/><\/strong><\/span><\/p>\n<p><span style=\"color: #265485;\"><strong><\/strong><\/span><\/p>\n<p><span style=\"color: #265485;\"><strong><\/strong><\/span><\/p>\n<p class=\"cvGsUA direction-ltr align-justify para-style-body\" style=\"text-align: justify;\"><span class=\"OYPEnA font-feature-liga-off font-feature-clig-off font-feature-calt-off text-decoration-none text-strikethrough-none\" style=\"color: #265485;\">Za\u0142o\u017cycielka Champions Swim. Zwi\u0105zana z p\u0142ywaniem od dziecka. Poza p\u0142ywaniem w basenie uczestniczy w zawodach p\u0142ywackich na wodach otwartych oraz w lodowatej wodzie (gdzie temperatura wody wynosi poni\u017cej 5\u00b0C, a neopren jest zakazany).<\/span><\/p>\n<p class=\"cvGsUA direction-ltr align-justify para-style-body\" style=\"text-align: justify;\"><span class=\"OYPEnA font-feature-liga-off font-feature-clig-off font-feature-calt-off text-decoration-none text-strikethrough-none\" style=\"color: #265485;\">Najwa\u017cniejsze osi\u0105gni\u0119cia sportowe Bydgoszczanki to:<\/span><\/p>\n<ul>\n<li style=\"text-align: justify;\"><span class=\"OYPEnA font-feature-liga-off font-feature-clig-off font-feature-calt-off text-decoration-none text-strikethrough-none\" style=\"color: #265485;\">Rekord Guinnessa na dystansie Lodowej Mili (jako pierwsza Polka pokona\u0142a dystans 1609m w wodzie o temp. 3,9\u00b0C)<\/span><\/li>\n<li style=\"text-align: justify;\"><span class=\"OYPEnA font-feature-liga-off font-feature-clig-off font-feature-calt-off text-decoration-none text-strikethrough-none\" style=\"color: #265485;\">Rekord Guinessa w debiucie na 1 km Ice Swimming,<\/span><\/li>\n<li style=\"text-align: justify;\"><span class=\"OYPEnA font-feature-liga-off font-feature-clig-off font-feature-calt-off text-decoration-none text-strikethrough-none\" style=\"color: #265485;\">Tytu\u0142 Iron IceWoman (nadawany kobietom, kt\u00f3re przep\u0142yn\u0119\u0142y Lodow\u0105 Mil\u0119 oraz uko\u0144czy\u0142y pe\u0142ny dystans Ironman)<\/span><\/li>\n<li style=\"text-align: justify;\"><span class=\"OYPEnA font-feature-liga-off font-feature-clig-off font-feature-calt-off text-decoration-none text-strikethrough-none\" style=\"color: #265485;\">Rekordy \u015awiata oraz wielokrotne zdobywanie medali Mistrzostw \u015awiata i Pucharu \u015awiata w zimowym p\u0142ywaniu<\/span><\/li>\n<li style=\"text-align: justify;\"><span style=\"color: #265485;\"><span class=\"OYPEnA font-feature-liga-off font-feature-clig-off font-feature-calt-off text-decoration-none text-strikethrough-none\">Pierwsza Polka, kt\u00f3ra przep\u0142yn\u0119\u0142a Kana\u0142 Catalina z wyspy na l\u0105d (<\/span>czas: 10h 19 min)<\/span><\/li>\n<li style=\"text-align: justify;\"><span class=\"OYPEnA font-feature-liga-off font-feature-clig-off font-feature-calt-off text-decoration-none text-strikethrough-none\" style=\"color: #265485;\">Multimedalistka Mistrzostw Polski Senior\u00f3w i M\u0142odzie\u017cowc\u00f3w w p\u0142ywaniu na basenie oraz na wodach otwartych.<\/span><\/li>\n<li style=\"text-align: justify;\"><span class=\"OYPEnA font-feature-liga-off font-feature-clig-off font-feature-calt-off text-decoration-none text-strikethrough-none\" style=\"color: #265485;\">Nominacja do presti\u017cowej, mi\u0119dzynarodowej nagrody World Open Water Swimming Association (WOWSA) w kategorii \u201eKobieta roku 2018\u201d,<\/span><\/li>\n<li style=\"text-align: justify;\"><span class=\"OYPEnA font-feature-liga-off font-feature-clig-off font-feature-calt-off text-decoration-none text-strikethrough-none\" style=\"color: #265485;\">Wyr\u00f3\u017cnienie przez WOWSA w\u015br\u00f3d 50. kobiet z ca\u0142ego \u015bwiata, podejmuj\u0105cych najwi\u0119ksze ryzyko w p\u0142ywaniu na wodach otwartych<\/span><\/li>\n<\/ul>\n<p>[\/et_pb_text][\/et_pb_column][et_pb_column type=&#8221;1_2&#8243; _builder_version=&#8221;4.15.1&#8243; _module_preset=&#8221;default&#8221; global_colors_info=&#8221;{}&#8221;][et_pb_image src=&#8221;https:\/\/championsswim.pl\/wp-content\/uploads\/2024\/12\/Zrzut-ekranu-2024-12-20-122901-e1734694393935.png&#8221; title_text=&#8221;Zrzut ekranu 2024-12-20 122901&#8243; _builder_version=&#8221;4.15.1&#8243; _module_preset=&#8221;default&#8221; width=&#8221;100%&#8221; custom_margin=&#8221;||-19px|||&#8221; custom_padding=&#8221;32px|||144px||&#8221; global_colors_info=&#8221;{}&#8221;][\/et_pb_image][\/et_pb_column][\/et_pb_row][et_pb_row column_structure=&#8221;1_3,2_3&#8243; _builder_version=&#8221;4.15.1&#8243; _module_preset=&#8221;default&#8221; width=&#8221;99.8%&#8221; min_height=&#8221;268px&#8221; custom_padding=&#8221;0px||0px|||&#8221; global_colors_info=&#8221;{}&#8221;][et_pb_column type=&#8221;1_3&#8243; _builder_version=&#8221;4.15.1&#8243; _module_preset=&#8221;default&#8221; global_colors_info=&#8221;{}&#8221;][et_pb_image src=&#8221;https:\/\/championsswim.pl\/wp-content\/uploads\/2024\/12\/Zrzut-ekranu-2024-12-20-123937.png&#8221; title_text=&#8221;Zrzut ekranu 2024-12-20 123937&#8243; _builder_version=&#8221;4.15.1&#8243; _module_preset=&#8221;default&#8221; global_colors_info=&#8221;{}&#8221;][\/et_pb_image][\/et_pb_column][et_pb_column type=&#8221;2_3&#8243; _builder_version=&#8221;4.15.1&#8243; _module_preset=&#8221;default&#8221; global_colors_info=&#8221;{}&#8221;][et_pb_text _builder_version=&#8221;4.15.1&#8243; _module_preset=&#8221;default&#8221; text_font=&#8221;||||||||&#8221; text_text_color=&#8221;#BB9A54&#8243; text_font_size=&#8221;18px&#8221; text_line_height=&#8221;1.2em&#8221; header_font_size=&#8221;40px&#8221; header_line_height=&#8221;1.2em&#8221; width=&#8221;100%&#8221; custom_margin=&#8221;|124px||||&#8221; custom_padding=&#8221;|0px||0px||&#8221; global_colors_info=&#8221;{}&#8221;]<\/p>\n<p>&nbsp;<\/p>\n<p><img loading=\"lazy\" decoding=\"async\" src=\"https:\/\/championsswim.pl\/wp-content\/uploads\/2024\/12\/Zrzut-ekranu-2024-12-20-123625-300x52.png\" width=\"300\" height=\"52\" alt=\"\" class=\"wp-image-430 alignleft size-medium\" srcset=\"https:\/\/championsswim.pl\/wp-content\/uploads\/2024\/12\/Zrzut-ekranu-2024-12-20-123625-300x52.png 300w, https:\/\/championsswim.pl\/wp-content\/uploads\/2024\/12\/Zrzut-ekranu-2024-12-20-123625.png 366w\" sizes=\"(max-width: 300px) 100vw, 300px\" \/><\/p>\n<p>&nbsp;<\/p>\n<p class=\"cvGsUA direction-ltr align-justify para-style-body\"><span style=\"color: #265485;\"><span class=\"OYPEnA font-feature-liga-off font-feature-clig-off font-feature-calt-off text-decoration-none text-strikethrough-none\">Posiada wieloletnie do\u015bwiadczenie w p\u0142ywaniu, kurs instruktora p\u0142ywania, ratownika wodnego i nurkowania<\/span><span class=\"OYPEnA font-feature-liga-off font-feature-clig-off font-feature-calt-off text-decoration-none text-strikethrough-none white-space-prewrap\"> <\/span><\/span><\/p>\n<p class=\"cvGsUA direction-ltr align-justify para-style-body\"><span class=\"OYPEnA font-feature-liga-off font-feature-clig-off font-feature-calt-off text-decoration-none text-strikethrough-none\" style=\"color: #265485;\">Do jej sportowych osi\u0105gni\u0119\u0107 nale\u017cy m.in. :<\/span><\/p>\n<ul>\n<li><span class=\"OYPEnA font-feature-liga-off font-feature-clig-off font-feature-calt-off text-decoration-none text-strikethrough-none\" style=\"color: #265485;\">Mistrzostwo Polski w aquathlonie,<\/span><\/li>\n<li><span class=\"OYPEnA font-feature-liga-off font-feature-clig-off font-feature-calt-off text-decoration-none text-strikethrough-none\" style=\"color: #265485;\">Br\u0105zowy medal Mistrzostw Polski w p\u0142ywaniu na 50m stylem grzbietowym,<\/span><\/li>\n<li><span class=\"OYPEnA font-feature-liga-off font-feature-clig-off font-feature-calt-off text-decoration-none text-strikethrough-none\" style=\"color: #265485;\">2 miejsce (open) na Bydgoskiej Lidze P\u0142ywackiej.<\/span><\/li>\n<\/ul>\n<p>[\/et_pb_text][\/et_pb_column][\/et_pb_row][et_pb_row column_structure=&#8221;1_2,1_2&#8243; _builder_version=&#8221;4.15.1&#8243; _module_preset=&#8221;default&#8221; min_height=&#8221;147.2px&#8221; custom_margin=&#8221;13px|auto||auto||&#8221; custom_padding=&#8221;17px|||||&#8221; hover_enabled=&#8221;0&#8243; global_colors_info=&#8221;{}&#8221; sticky_enabled=&#8221;0&#8243;][et_pb_column type=&#8221;1_2&#8243; _builder_version=&#8221;4.15.1&#8243; _module_preset=&#8221;default&#8221; global_colors_info=&#8221;{}&#8221;][et_pb_text _builder_version=&#8221;4.15.1&#8243; _module_preset=&#8221;default&#8221; text_font=&#8221;||||||||&#8221; text_text_color=&#8221;#BB9A54&#8243; text_font_size=&#8221;18px&#8221; text_line_height=&#8221;1.2em&#8221; header_text_color=&#8221;RGBA(255,255,255,0)&#8221; header_font_size=&#8221;40px&#8221; width=&#8221;127.9%&#8221; custom_margin=&#8221;|-147px||||&#8221; custom_padding=&#8221;|18px||||&#8221; hover_enabled=&#8221;0&#8243; locked=&#8221;off&#8221; global_colors_info=&#8221;{}&#8221; text_text_color__hover_enabled=&#8221;on|desktop&#8221; text_text_color__hover=&#8221;#BB9A54&#8243; sticky_enabled=&#8221;0&#8243;]<\/p>\n<p style=\"text-align: justify;\">\n<p style=\"text-align: justify;\">\n<p style=\"text-align: justify;\"><img loading=\"lazy\" decoding=\"async\" src=\"https:\/\/championsswim.pl\/wp-content\/uploads\/2025\/09\/Zrzut-ekranu-2025-09-24-142013-300x43.png\" width=\"300\" height=\"43\" alt=\"\" class=\"wp-image-608 alignnone size-medium\" srcset=\"https:\/\/championsswim.pl\/wp-content\/uploads\/2025\/09\/Zrzut-ekranu-2025-09-24-142013-300x43.png 300w, https:\/\/championsswim.pl\/wp-content\/uploads\/2025\/09\/Zrzut-ekranu-2025-09-24-142013.png 462w\" sizes=\"(max-width: 300px) 100vw, 300px\" \/><\/p>\n<p style=\"text-align: justify;\"><span style=\"font-size: 18px; color: #265485;\"><span style=\"font-size: 18px;\">Rado\u015b\u0107 z p\u0142ywania poczu\u0142a ju\u017c w szkole podstawowej, kiedy to pierwszy raz zamoczy\u0142a nog\u0119 w basenie. Teraz sama chce zara\u017ca\u0107 t\u0105 rado\u015bci\u0105 innych, rozbudzaj\u0105c w nich ch\u0119\u0107 do podejmowania aktywno\u015bci fizycznej w trosce o zdrowie i dobre samopoczucie. Dlatego uko\u0144czy\u0142a (z dyplomem) <\/span><\/span><span style=\"font-size: 18px; color: #265485;\">studia licencjackie z Wychowania Fizycznego oraz kurs instruktora p\u0142ywania. <\/span><span style=\"font-size: 18px; color: #265485;\">Ca\u0142y czas poszerza swoj\u0105 wiedz\u0119 kontynuuj\u0105c nauk\u0119 na studiach magisterskich z WF.\u00a0 Poza p\u0142ywaniem\u00a0 rozwija swoj\u0105 pasj\u0119 do fotografii. Lubi czyta\u0107 ksi\u0105\u017cki i pi\u0107 du\u017co herbaty.<\/span><\/p>\n<p>[\/et_pb_text][\/et_pb_column][et_pb_column type=&#8221;1_2&#8243; _builder_version=&#8221;4.15.1&#8243; _module_preset=&#8221;default&#8221; global_colors_info=&#8221;{}&#8221;][et_pb_image src=&#8221;https:\/\/championsswim.pl\/wp-content\/uploads\/2025\/09\/Zrzut-ekranu-2025-09-24-141628.png&#8221; title_text=&#8221;Zrzut ekranu 2025-09-24 141628&#8243; _builder_version=&#8221;4.15.1&#8243; _module_preset=&#8221;default&#8221; width=&#8221;100%&#8221; min_height=&#8221;180.2px&#8221; custom_margin=&#8221;||-19px|-20px||&#8221; custom_padding=&#8221;0px||0px|173px||&#8221; hover_enabled=&#8221;0&#8243; global_colors_info=&#8221;{}&#8221; sticky_enabled=&#8221;0&#8243;][\/et_pb_image][\/et_pb_column][\/et_pb_row][\/et_pb_section]<\/p>\n","protected":false},"excerpt":{"rendered":"<p>O NAS Champions Swim powsta\u0142o w 2021 roku z inicjatywy Hanny Bakuniak. Za\u0142o\u017cycielka po wielu latach p\u0142ywackiej kariery pragnie przekazywa\u0107 innym zdobyt\u0105 wiedz\u0119 i do\u015bwiadczenie. Podczas swojej wieloletniej przygody ze sportem osi\u0105gn\u0119\u0142a m.in.: Rekordy Guinnessa, Rekordy \u015awiata, Medale Mistrzostw \u015awiata w zimowym p\u0142ywaniu, tytu\u0142 Iron IceWoman, przep\u0142yni\u0119cie Kana\u0142u Catalina, wiele medali Mistrzostw Polski w p\u0142ywaniu [&hellip;]<\/p>\n","protected":false},"author":1,"featured_media":0,"parent":0,"menu_order":0,"comment_status":"closed","ping_status":"closed","template":"","meta":{"_et_pb_use_builder":"on","_et_pb_old_content":"","_et_gb_content_width":"","footnotes":""},"class_list":["post-61","page","type-page","status-publish","hentry"],"_links":{"self":[{"href":"https:\/\/championsswim.pl\/wp-json\/wp\/v2\/pages\/61"}],"collection":[{"href":"https:\/\/championsswim.pl\/wp-json\/wp\/v2\/pages"}],"about":[{"href":"https:\/\/championsswim.pl\/wp-json\/wp\/v2\/types\/page"}],"author":[{"embeddable":true,"href":"https:\/\/championsswim.pl\/wp-json\/wp\/v2\/users\/1"}],"replies":[{"embeddable":true,"href":"https:\/\/championsswim.pl\/wp-json\/wp\/v2\/comments?post=61"}],"version-history":[{"count":9,"href":"https:\/\/championsswim.pl\/wp-json\/wp\/v2\/pages\/61\/revisions"}],"predecessor-version":[{"id":609,"href":"https:\/\/championsswim.pl\/wp-json\/wp\/v2\/pages\/61\/revisions\/609"}],"wp:attachment":[{"href":"https:\/\/championsswim.pl\/wp-json\/wp\/v2\/media?parent=61"}],"curies":[{"name":"wp","href":"https:\/\/api.w.org\/{rel}","templated":true}]}}