{"id":63,"date":"2021-12-06T19:00:07","date_gmt":"2021-12-06T19:00:07","guid":{"rendered":"https:\/\/championsswim.pl\/?page_id=63"},"modified":"2026-03-19T08:43:06","modified_gmt":"2026-03-19T08:43:06","slug":"oferta","status":"publish","type":"page","link":"https:\/\/championsswim.pl\/oferta\/","title":{"rendered":"OFERTA"},"content":{"rendered":"<p>[et_pb_section fb_built=&#8221;1&#8243; _builder_version=&#8221;4.15&#8243; _module_preset=&#8221;default&#8221; custom_padding=&#8221;2px|||||&#8221; global_colors_info=&#8221;{}&#8221;][et_pb_row column_structure=&#8221;1_2,1_2&#8243; _builder_version=&#8221;4.15.1&#8243; _module_preset=&#8221;default&#8221; min_height=&#8221;437.8px&#8221; global_colors_info=&#8221;{}&#8221;][et_pb_column type=&#8221;1_2&#8243; _builder_version=&#8221;4.15.1&#8243; _module_preset=&#8221;default&#8221; global_colors_info=&#8221;{}&#8221;][et_pb_image src=&#8221;https:\/\/championsswim.pl\/wp-content\/uploads\/2025\/09\/grafik-asta.png&#8221; title_text=&#8221;grafik asta&#8221; _builder_version=&#8221;4.15.1&#8243; _module_preset=&#8221;default&#8221; min_height=&#8221;407.8px&#8221; custom_margin=&#8221;|-53px|-26px|||&#8221; custom_padding=&#8221;||0px|||&#8221; global_colors_info=&#8221;{}&#8221;][\/et_pb_image][\/et_pb_column][et_pb_column type=&#8221;1_2&#8243; _builder_version=&#8221;4.15.1&#8243; _module_preset=&#8221;default&#8221; global_colors_info=&#8221;{}&#8221;][et_pb_image src=&#8221;https:\/\/championsswim.pl\/wp-content\/uploads\/2025\/09\/grafik-bcs.png&#8221; title_text=&#8221;grafik bcs&#8221; _builder_version=&#8221;4.15.1&#8243; _module_preset=&#8221;default&#8221; min_height=&#8221;391.8px&#8221; custom_padding=&#8221;||0px|||&#8221; global_colors_info=&#8221;{}&#8221;][\/et_pb_image][\/et_pb_column][\/et_pb_row][et_pb_row _builder_version=&#8221;4.15.1&#8243; _module_preset=&#8221;default&#8221; custom_margin=&#8221;-46px|auto||auto||&#8221; global_colors_info=&#8221;{}&#8221;][et_pb_column type=&#8221;4_4&#8243; _builder_version=&#8221;4.15&#8243; _module_preset=&#8221;default&#8221; global_colors_info=&#8221;{}&#8221;][et_pb_text _builder_version=&#8221;4.15.1&#8243; _module_preset=&#8221;default&#8221; custom_padding=&#8221;0px|||||&#8221; global_colors_info=&#8221;{}&#8221;]<\/p>\n<h1 style=\"text-align: center;\"><strong>OFERTA\u00a0<\/strong><\/h1>\n<p>[\/et_pb_text][bck_price_menu _builder_version=&#8221;4.15.1&#8243; _module_preset=&#8221;default&#8221; width=&#8221;100%&#8221; custom_margin=&#8221;-29px|||||&#8221; custom_padding=&#8221;|0px||||&#8221; global_colors_info=&#8221;{}&#8221;][bck_price_menu_child price=&#8221;od 60 z\u0142 \/ lekcja (45 min)&#8221; title=&#8221;Zaj\u0119cia grupowe&#8221; description=&#8221;Zaj\u0119cia w grupie max. 8 \u2013 osobowej, dopasowane do poziomu umiej\u0119tno\u015bci doros\u0142ego\/dziecka, w przyjaznej atmosferze. &#8221; _builder_version=&#8221;4.15.1&#8243; _module_preset=&#8221;default&#8221; global_colors_info=&#8221;{}&#8221;][\/bck_price_menu_child][bck_price_menu_child price=&#8221;od 150z\u0142 + koszt biletu na basen\/ godzina basenowa&#8221; title=&#8221;Zaj\u0119cia indywidualne &#8221; description=&#8221;Termin i miejsce lekcji ustalany jest w porozumieniu z instruktorem, dzi\u0119ki czemu nie jest konieczne zobowi\u0105zanie si\u0119 do sta\u0142ej pory zaj\u0119\u0107. Polecany osobom, kt\u00f3re czuj\u0105 si\u0119 bardziej komfortowo i \u0142atwiej koncentruj\u0105 si\u0119, gdy nie s\u0105 w grupie. R\u00f3wnie\u017c dla dzieci\/ doros\u0142ych ucz\u0119szczaj\u0105cych na basen w ramach rehabilitacji. &#8221; _builder_version=&#8221;4.15.1&#8243; _module_preset=&#8221;default&#8221; global_colors_info=&#8221;{}&#8221;][\/bck_price_menu_child][bck_price_menu_child price=&#8221;60 z\u0142\/ lekcja&#8221; title=&#8221;Treningi p\u0142ywackie dla doros\u0142ych &#8221; description=&#8221;Doskonalenie p\u0142ywania, kt\u00f3re poprawia nie tylko technik\u0119, ale tak\u017ce wydolno\u015b\u0107 i szybko\u015b\u0107 zawodnika. Zadania podczas zaj\u0119\u0107 dostosowywane s\u0105 do poziomu umiej\u0119tno\u015bci doros\u0142ego. Treningi skierowane zar\u00f3wno do p\u0142ywak\u00f3w jaki i triathlonist\u00f3w. &#8221; _builder_version=&#8221;4.15.1&#8243; _module_preset=&#8221;default&#8221; global_colors_info=&#8221;{}&#8221;][\/bck_price_menu_child][bck_price_menu_child price=&#8221;do ustalenia&#8221; title=&#8221;Wideoanaliza p\u0142ywania&#8221; description=&#8221;Szczeg\u00f3\u0142owe om\u00f3wienie techniki p\u0142ywania na podstawie nagra\u0144 realizowanych w czasie zaj\u0119\u0107 lub w basenie z przeciwpr\u0105dem do analizy techniki p\u0142ywania (Basen Astoria Bydgoszcz). &#8221; _builder_version=&#8221;4.15.1&#8243; _module_preset=&#8221;default&#8221; global_colors_info=&#8221;{}&#8221;][\/bck_price_menu_child][bck_price_menu_child price=&#8221;do ustalenia&#8221; title=&#8221;Rozpisywanie plan\u00f3w treningowych&#8221; description=&#8221;Plan treningowy przygotowywany do samodzielnej realizacji. Wszystkie zadania s\u0105 wcze\u015bniej szczeg\u00f3\u0142owo omawiane i dopasowane do zawodnika.&#8221; _builder_version=&#8221;4.15.1&#8243; _module_preset=&#8221;default&#8221; global_colors_info=&#8221;{}&#8221;][\/bck_price_menu_child][bck_price_menu_child title=&#8221;Lekcja pr\u00f3bna&#8221; description=&#8221;Cena wg cennika. Lekcja pr\u00f3bna nie jest zobowi\u0105zuj\u0105ca. &#8221; _builder_version=&#8221;4.15.1&#8243; _module_preset=&#8221;default&#8221; global_colors_info=&#8221;{}&#8221;][\/bck_price_menu_child][\/bck_price_menu][et_pb_image src=&#8221;https:\/\/championsswim.pl\/wp-content\/uploads\/2025\/05\/PLANY-TRENINGOWE-e1747396991919.png&#8221; title_text=&#8221;PLANY TRENINGOWE&#8221; _builder_version=&#8221;4.15.1&#8243; _module_preset=&#8221;default&#8221; global_colors_info=&#8221;{}&#8221;][\/et_pb_image][\/et_pb_column][\/et_pb_row][et_pb_row _builder_version=&#8221;4.15.1&#8243; _module_preset=&#8221;default&#8221; global_colors_info=&#8221;{}&#8221;][et_pb_column type=&#8221;4_4&#8243; _builder_version=&#8221;4.15.1&#8243; _module_preset=&#8221;default&#8221; global_colors_info=&#8221;{}&#8221;][et_pb_image src=&#8221;https:\/\/championsswim.pl\/wp-content\/uploads\/2024\/09\/synchro-info.png&#8221; title_text=&#8221;synchro &#8211; info&#8221; _builder_version=&#8221;4.15.1&#8243; _module_preset=&#8221;default&#8221; hover_enabled=&#8221;0&#8243; global_colors_info=&#8221;{}&#8221; sticky_enabled=&#8221;0&#8243;][\/et_pb_image][et_pb_text _builder_version=&#8221;4.15.1&#8243; _module_preset=&#8221;default&#8221; global_colors_info=&#8221;{}&#8221;]<\/p>\n<h1 style=\"text-align: center;\"><span style=\"font-size: xx-large;\"><strong>P\u0142atno\u015bci<\/strong><\/span><span style=\"font-size: medium;\"><\/span><\/h1>\n<h1 style=\"text-align: center;\"><span style=\"font-size: medium;\">Poprzez system ActiveNow lub przelewem na konto:<\/span><\/h1>\n<h2 style=\"text-align: center;\"><span style=\"font-size: medium;\">Fundacja Champions Swim<br \/>Bank Pekao: <strong><span>07 1240 6452 1111 0011 6420 0655<\/span><\/strong><\/span><br \/><span style=\"font-size: medium;\">W\u00a0 tytule nale\u017cy wpisa\u0107:\u00a0 <em>imi\u0119 i nazwisko ucznia, miesi\u0105c<\/em><br \/><\/span><span style=\"font-size: medium;\">P\u0142atno\u015b\u0107 za zaj\u0119cia grupowe do 15. dnia danego miesi\u0105ca. Op\u0142ata = suma ilo\u015bci zaplanowanych zaj\u0119\u0107 w miesi\u0105cu<\/span><\/h2>\n<h2 style=\"text-align: center;\"><span style=\"font-size: medium;\"><\/span><\/h2>\n<p><span style=\"font-size: medium;\"><\/span><\/p>\n<p>[\/et_pb_text][\/et_pb_column][\/et_pb_row][\/et_pb_section]<\/p>\n","protected":false},"excerpt":{"rendered":"<p>OFERTA\u00a0<div class=\"et_pb_module bck_price_menu bck_price_menu_0\">\n\t\t\t\t\n\t\t\t\t\n\t\t\t\t\n\t\t\t\t\n\t\t\t\t\n\t\t\t\t\n\t\t\t\t<div class=\"et_pb_module_inner\">\n\t\t\t\t\t<div class=\"bck-module bck-module-pro bck-price-menu\">\r\n                \r\n            <\/div>\n\t\t\t\t<\/div>\n\t\t\t<\/div><div class=\"bck_price_menu_child bck_price_menu_child_0 bck_et_pb_module\">\n\t\t\t\t\n\t\t\t\t\n\t\t\t\t\n\t\t\t\t\n\t\t\t\t\n\t\t\t\t\n\t\t\t\t<div class=\"et_pb_module_inner\">\n\t\t\t\t\t<div class=\"bck-module bck-module-pro bck-price-menu-child\">\r\n                \r\n                <div class=\"bck-price-menu-content\">\r\n                    <div class=\"bck-price-menu-header\">\r\n                        \r\n                <div class=\"bck-price-menu-price\">\r\n                    od 60 z\u0142 \/ lekcja (45 min)\r\n                <\/div>\r\n                        <div class=\"bck-price-menu-separator\"><\/div>\r\n                        <h4 class=\"bck-price-menu-title\">Zaj\u0119cia grupowe<h4>\r\n                    <\/div>\r\n                    <p class=\"bck-price-menu-desc\">Zaj\u0119cia w grupie max. 8 \u2013 osobowej, dopasowane do poziomu umiej\u0119tno\u015bci doros\u0142ego\/dziecka, w przyjaznej atmosferze. <\/p>\r\n                <\/div>\r\n            <\/div>\n\t\t\t\t<\/div>\n\t\t\t<\/div><div class=\"bck_price_menu_child bck_price_menu_child_1 bck_et_pb_module\">\n\t\t\t\t\n\t\t\t\t\n\t\t\t\t\n\t\t\t\t\n\t\t\t\t\n\t\t\t\t\n\t\t\t\t<div class=\"et_pb_module_inner\">\n\t\t\t\t\t<div class=\"bck-module bck-module-pro bck-price-menu-child\">\r\n                \r\n                <div class=\"bck-price-menu-content\">\r\n                    <div class=\"bck-price-menu-header\">\r\n                        \r\n                <div class=\"bck-price-menu-price\">\r\n                    &#8221;od\r\n                <\/div>\r\n                        <div class=\"bck-price-menu-separator\"><\/div>\r\n                        <h4 class=\"bck-price-menu-title\">&#8221;Zaj\u0119cia<h4>\r\n                    <\/div>\r\n                    <p class=\"bck-price-menu-desc\">&#8221;Termin<\/p>\r\n                <\/div>\r\n            <\/div>\n\t\t\t\t<\/div>\n\t\t\t<\/div><\/p>\n","protected":false},"author":1,"featured_media":0,"parent":0,"menu_order":0,"comment_status":"closed","ping_status":"closed","template":"","meta":{"_et_pb_use_builder":"on","_et_pb_old_content":"","_et_gb_content_width":"","footnotes":""},"class_list":["post-63","page","type-page","status-publish","hentry"],"_links":{"self":[{"href":"https:\/\/championsswim.pl\/wp-json\/wp\/v2\/pages\/63"}],"collection":[{"href":"https:\/\/championsswim.pl\/wp-json\/wp\/v2\/pages"}],"about":[{"href":"https:\/\/championsswim.pl\/wp-json\/wp\/v2\/types\/page"}],"author":[{"embeddable":true,"href":"https:\/\/championsswim.pl\/wp-json\/wp\/v2\/users\/1"}],"replies":[{"embeddable":true,"href":"https:\/\/championsswim.pl\/wp-json\/wp\/v2\/comments?post=63"}],"version-history":[{"count":25,"href":"https:\/\/championsswim.pl\/wp-json\/wp\/v2\/pages\/63\/revisions"}],"predecessor-version":[{"id":635,"href":"https:\/\/championsswim.pl\/wp-json\/wp\/v2\/pages\/63\/revisions\/635"}],"wp:attachment":[{"href":"https:\/\/championsswim.pl\/wp-json\/wp\/v2\/media?parent=63"}],"curies":[{"name":"wp","href":"https:\/\/api.w.org\/{rel}","templated":true}]}}