{"id":65,"date":"2021-12-06T19:00:31","date_gmt":"2021-12-06T19:00:31","guid":{"rendered":"https:\/\/championsswim.pl\/?page_id=65"},"modified":"2025-09-25T11:53:17","modified_gmt":"2025-09-25T11:53:17","slug":"zapisy","status":"publish","type":"page","link":"https:\/\/championsswim.pl\/zapisy\/","title":{"rendered":"ZAPISY"},"content":{"rendered":"<p>[et_pb_section fb_built=&#8221;1&#8243; _builder_version=&#8221;4.15.1&#8243; _module_preset=&#8221;default&#8221; custom_padding=&#8221;14px|||||&#8221; global_colors_info=&#8221;{}&#8221;][et_pb_row column_structure=&#8221;1_2,1_2&#8243; _builder_version=&#8221;4.15.1&#8243; _module_preset=&#8221;default&#8221; min_height=&#8221;147.5px&#8221; custom_margin=&#8221;|auto|-23px|auto||&#8221; custom_padding=&#8221;13px|||||&#8221; global_colors_info=&#8221;{}&#8221;][et_pb_column type=&#8221;1_2&#8243; _builder_version=&#8221;4.15.1&#8243; _module_preset=&#8221;default&#8221; global_colors_info=&#8221;{}&#8221;][et_pb_text _builder_version=&#8221;4.15.1&#8243; _module_preset=&#8221;default&#8221; min_height=&#8221;456.6px&#8221; custom_margin=&#8221;|14px||||&#8221; custom_padding=&#8221;||0px|||&#8221; inline_fonts=&#8221;ABeeZee&#8221; global_colors_info=&#8221;{}&#8221;]<\/p>\n<p><span style=\"font-size: x-large; font-family: inherit; font-weight: normal;\"><b><span class=\"x1xsqp64 xiy17q3 x1o6pynw x19co3pv xdj266r xjn30re xat24cr x1hb08if x2b8uid\" data-testid=\"emoji\"><span class=\"xexx8yu xcaqkgz x18d9i69 xbwkkl7 x3jgonx x1bhl96m\">\u274c<\/span><\/span>DNI WY\u0141\u0104CZONE Z LEKCJI<span class=\"x1xsqp64 xiy17q3 x1o6pynw x19co3pv xdj266r xjn30re xat24cr x1hb08if x2b8uid\" data-testid=\"emoji\"><span class=\"xexx8yu xcaqkgz x18d9i69 xbwkkl7 x3jgonx x1bhl96m\">\u274c<\/span><\/span><\/b><\/span><\/p>\n<ul>\n<li style=\"list-style-type: none;\">\n<ul>\n<li><span style=\"font-size: medium; font-family: inherit; font-weight: normal;\">1 listopada (sobota)<\/span><\/li>\n<li><span style=\"font-size: medium; font-family: inherit; font-weight: normal;\">11 listopada (wtorek)<\/span><\/li>\n<li><span style=\"font-size: medium; font-family: inherit; font-weight: normal;\">24 -28 grudnia (\u015broda &#8211; niedziela)<\/span><\/li>\n<li><span style=\"font-size: medium; font-family: inherit; font-weight: normal;\">31 grudnia-1 stycznia (\u015broda-czwartek)<\/span><\/li>\n<li><span style=\"font-size: medium; font-family: inherit; font-weight: normal;\">6 stycznia (wtorek)<\/span><\/li>\n<li><span style=\"font-size: medium; font-family: inherit; font-weight: normal;\">2-15 luty (ferie)<\/span><\/li>\n<li><span style=\"font-size: medium; font-family: inherit; font-weight: normal;\">4-6 kwietnia (sobota &#8211; poniedzia\u0142ek)<\/span><\/li>\n<li><span style=\"font-size: medium; font-family: inherit; font-weight: normal;\">1-3 maja (pi\u0105tek &#8211; niedziela)<\/span><\/li>\n<li><span style=\"font-size: medium; font-family: inherit; font-weight: normal;\">4 czerwca (czwartek)<\/span><\/li>\n<\/ul>\n<p><span style=\"font-size: medium; font-family: inherit; font-weight: normal;\"><\/span><\/li>\n<\/ul>\n<p><span style=\"font-size: medium; font-family: inherit; font-weight: normal;\"><\/span><\/p>\n<p><span style=\"font-size: medium; font-family: inherit; font-weight: normal;\"><\/span><\/p>\n<p><span style=\"font-size: large;\"><strong>\ud83c\udf0a<span style=\"font-size: x-large; font-family: inherit; font-weight: normal;\"><b>TRENINGI OPEN WATER<\/b><\/span><\/strong><\/span><span style=\"font-size: large;\"><strong>\ud83c\udf0a<\/strong><\/span><\/p>\n<p><span data-offset-key=\"431kq-0-0\" style=\"font-size: 14px; color: #000000;\">\ud83d\udcc5Lipiec i sierpie\u0144 &#8211; Czwartek\u00a0 godz.: 18:00\u23f0<br \/><\/span><span style=\"font-size: 14px; color: #000000;\">\ud83d\udccdTor regatowy Brdyuj\u015bcie (ul. Witebska 26, Bydgoszcz)<\/span><\/p>\n<div class=\"\" data-block=\"true\" data-editor=\"a80ie\" data-offset-key=\"2bbjm-0-0\">\n<p><span data-offset-key=\"2bbjm-0-0\">\ud83d\udcb8<span style=\"color: #000000;\">Koszt: 30 z\u0142\/ trening<br \/><\/span><\/span><strong style=\"color: #000000; font-size: 22px; text-align: center;\"><span style=\"font-size: 14px;\">\u203c\ufe0f<\/span><\/strong><span style=\"color: #000000; font-size: 14px;\">\ud835\udddf\ud835\udddc\ud835\udde0\ud835\udddc\ud835\udde7 \ud835\udde0\ud835\udddc\ud835\uddd8\ud835\udddd\ud835\udde6\ud835\uddd6: 20 os\u00f3b \/trening\u00a0 &#8211;\u00a0 Obowi\u0105zuj\u0105 zapisy \u00a0 <\/span><span style=\"color: #000000; font-size: 14px;\">\u00a0 \u00a0 \u00a0 \u00a0 \u00a0 \u00a0 \u00a0 \u00a0 \u00a0 \u00a0 \u00a0 \u00a0 \u00a0\u00a0<\/span><strong style=\"color: #000000; font-size: 14px;\"><a href=\"https:\/\/championsswim.pl\/wp-content\/uploads\/2025\/05\/regulamin-tre-ow.pdf\" rel=\"attachment wp-att-494\" style=\"color: #000000;\">~Regulamin ~<\/a><\/strong><\/p>\n<\/div>\n<p>[\/et_pb_text][\/et_pb_column][et_pb_column type=&#8221;1_2&#8243; _builder_version=&#8221;4.15.1&#8243; _module_preset=&#8221;default&#8221; global_colors_info=&#8221;{}&#8221;][et_pb_text _builder_version=&#8221;4.15.1&#8243; _module_preset=&#8221;default&#8221; width=&#8221;97.7%&#8221; min_height=&#8221;63.4px&#8221; custom_padding=&#8221;0px|||0px||&#8221; global_colors_info=&#8221;{}&#8221;]<\/p>\n<p><strong><span style=\"color: #001c72;\">ASTORIA : start 8.09- koniec 28.06<\/span><\/strong><br \/><strong><span style=\"color: #001c72;\">BRYZA: start 15.09- koniec 21.06<\/span><\/strong><br \/><strong><span style=\"color: #001c72;\">IKAR: start w\u00a0 pa\u017adzierniku (dok\u0142adna data wkr\u00f3tce) &#8211; koniec 28.06\u00a0<\/span><\/strong><\/p>\n<p>[\/et_pb_text][\/et_pb_column][\/et_pb_row][et_pb_row _builder_version=&#8221;4.15.1&#8243; _module_preset=&#8221;default&#8221; global_colors_info=&#8221;{}&#8221;][et_pb_column type=&#8221;4_4&#8243; _builder_version=&#8221;4.15.1&#8243; _module_preset=&#8221;default&#8221; global_colors_info=&#8221;{}&#8221;][et_pb_text _builder_version=&#8221;4.15.1&#8243; _module_preset=&#8221;default&#8221; global_colors_info=&#8221;{}&#8221;]<\/p>\n<p><span style=\"font-size: x-large;\"><strong><span class=\"x1xsqp64 xiy17q3 x1o6pynw x19co3pv xdj266r xjn30re xat24cr x1hb08if x2b8uid\" data-testid=\"emoji\"><span class=\"xexx8yu xcaqkgz x18d9i69 xbwkkl7 x3jgonx x1bhl96m\">\u2744\ufe0f<\/span><\/span>TRENINGI W ZIMNEJ WODZIE \/MORSOWANIE<span class=\"x1xsqp64 xiy17q3 x1o6pynw x19co3pv xdj266r xjn30re xat24cr x1hb08if x2b8uid\" data-testid=\"emoji\"><span class=\"xexx8yu xcaqkgz x18d9i69 xbwkkl7 x3jgonx x1bhl96m\">\u2744\ufe0f<\/span><\/span><\/strong><\/span><\/p>\n<p>Tak jak na pocz\u0105tku sezonu letniego open water, tak i na zim\u0119 szykujemy dla Was warsztaty oraz cykliczne spotkania z p\u0142ywania zimowego. <br \/>Obserwujcie nasze media spo\u0142eczno\u015bciowe i stron\u0119 &#8211; wi\u0119cej informacji wkr\u00f3tce !<\/p>\n<p>[\/et_pb_text][et_pb_text _builder_version=&#8221;4.15.1&#8243; _module_preset=&#8221;default&#8221; link_option_url=&#8221;<\/p>\n<div class='activenow-table-container'><center><img src='https:\/\/www.activenow.io\/assets\/ripple.gif' width='100px' \/><\/center><script async src='https:\/\/app.activenow.io\/external\/signup_table\/load_by_js?city_id=&#038;code=bplXmbGsw2pEzv3B&#038;proficiency_id=&#038;school_id=12646&#038;signup_table_id=7337&#038;venue_id=&#038;zz='><\/script><\/div>\n<p>&#8221; global_colors_info=&#8221;{}&#8221;]<\/p>\n<p><span style=\"font-size: x-large;\"><strong>LEKCJE INDYWIDUALNE<br \/><\/strong><\/span>Zapisy przez poni\u017cszy formularz lub kontakt telefoniczny\/ e-mail.<\/p>\n<p><strong><\/strong><\/p>\n<p><strong><span style=\"font-size: x-large;\">POZIOMY P\u0141YWANIA\u00a0<\/span> &#8211; na dole strony.<\/strong><\/p>\n<div data-offset-key=\"2bbjm-0-0\" class=\"_1mf _1mj\"><\/div>\n<p>[\/et_pb_text][et_pb_text _builder_version=&#8221;4.15.1&#8243; _module_preset=&#8221;default&#8221; global_colors_info=&#8221;{}&#8221;]<\/p>\n<div class=\"activenow-table-container\"><center><img decoding=\"async\" src=\"https:\/\/www.activenow.io\/assets\/ripple.gif\" width=\"100px\" \/><\/center><br \/>\n<script async=\"\" src=\"https:\/\/app.activenow.io\/external\/signup_table\/load_by_js?city_id=&amp;code=bplXmbGsw2pEzv3B&amp;proficiency_id=&amp;school_id=12646&amp;signup_table_id=7337&amp;venue_id=&amp;zz=\"><\/script>\n<\/div>\n<p>[\/et_pb_text][\/et_pb_column][\/et_pb_row][et_pb_row _builder_version=&#8221;4.15.1&#8243; _module_preset=&#8221;default&#8221; global_colors_info=&#8221;{}&#8221;][et_pb_column type=&#8221;4_4&#8243; _builder_version=&#8221;4.15.1&#8243; _module_preset=&#8221;default&#8221; global_colors_info=&#8221;{}&#8221;][et_pb_text _builder_version=&#8221;4.15.1&#8243; _module_preset=&#8221;default&#8221; global_colors_info=&#8221;{}&#8221;]<\/p>\n<h2><span style=\"color: #265485;\"><b><\/b><\/span><\/h2>\n<h2><span style=\"color: #265485;\"><b><\/b><\/span><\/h2>\n<h2><span style=\"color: #265485;\"><b>POZIOMY P\u0141YWANIA<\/b><\/span><\/h2>\n<p><b><\/b><\/p>\n<p><b><\/b><\/p>\n<h2><span style=\"color: #265485;\"><b>P &#8222;0&#8221;<\/b><\/span><\/h2>\n<ul>\n<li><span class=\"OYPEnA font-feature-liga-off font-feature-clig-off font-feature-calt-off text-decoration-none text-strikethrough-none\">Dzieci 4-5 lat<\/span><\/li>\n<li><span class=\"OYPEnA font-feature-liga-off font-feature-clig-off font-feature-calt-off text-decoration-none text-strikethrough-none\">Nauka p\u0142ywania od podstaw.<\/span><\/li>\n<li><span class=\"OYPEnA font-feature-liga-off font-feature-clig-off font-feature-calt-off text-decoration-none text-strikethrough-none\">Poprzez zabaw\u0119 i r\u00f3\u017cnego rodzaju formy ruchowe w wodzie, dzieci stopniowo b\u0119d\u0105 si\u0119 oswaja\u0142y oraz nabiera\u0142y pewno\u015bci siebie w wodzie.<\/span><span class=\"OYPEnA font-feature-liga-off font-feature-clig-off font-feature-calt-off text-decoration-none text-strikethrough-none white-space-prewrap\"> <\/span><\/li>\n<li><span class=\"OYPEnA font-feature-liga-off font-feature-clig-off font-feature-calt-off text-decoration-none text-strikethrough-none\">Podczas zaj\u0119\u0107 uczymy podstawowych element\u00f3w p\u0142ywania tj.: ruchy n\u00f3g na brzuchu i plecach, wydychanie powietrza pod wod\u0105, prawid\u0142owa pozycja w wodzie oraz skoki.<\/span><span class=\"OYPEnA font-feature-liga-off font-feature-clig-off font-feature-calt-off text-decoration-none text-strikethrough-none white-space-prewrap\"> <\/span><\/li>\n<\/ul>\n<p><span class=\"OYPEnA font-feature-liga-off font-feature-clig-off font-feature-calt-off text-decoration-none text-strikethrough-none\"><\/span><\/p>\n<h2><span style=\"color: #265485;\"><b>PODSTAWOWY<\/b><\/span><\/h2>\n<ul>\n<li><span class=\"OYPEnA font-feature-liga-off font-feature-clig-off font-feature-calt-off text-decoration-none text-strikethrough-none\">Dzieci od 6 lat oraz doro\u015bli.<\/span><span class=\"OYPEnA font-feature-liga-off font-feature-clig-off font-feature-calt-off text-decoration-none text-strikethrough-none white-space-prewrap\"> <\/span><\/li>\n<li><span class=\"OYPEnA font-feature-liga-off font-feature-clig-off font-feature-calt-off text-decoration-none text-strikethrough-none\">Nauka p\u0142ywania od podstaw.<\/span><\/li>\n<li><span class=\"OYPEnA font-feature-liga-off font-feature-clig-off font-feature-calt-off text-decoration-none text-strikethrough-none\">Na tym etapie uczymy utrzymywania si\u0119 na wodzie z makaronem\/ desk\u0105, prawid\u0142owej pracy n\u00f3g na plecach i brzuchu, zanurzania oraz wypuszczania powietrza pod wod\u0105.<\/span><span class=\"OYPEnA font-feature-liga-off font-feature-clig-off font-feature-calt-off text-decoration-none text-strikethrough-none white-space-prewrap\"> <\/span><\/li>\n<li><span class=\"OYPEnA font-feature-liga-off font-feature-clig-off font-feature-calt-off text-decoration-none text-strikethrough-none\">Pracujemy nad samodzielnym le\u017ceniem oraz przemieszczaniem si\u0119 w wodzie<\/span><\/li>\n<li><span class=\"OYPEnA font-feature-liga-off font-feature-clig-off font-feature-calt-off text-decoration-none text-strikethrough-none\">Poznajemy styl grzbietowy oraz podstawy kraula.<\/span><\/li>\n<li><span class=\"OYPEnA font-feature-liga-off font-feature-clig-off font-feature-calt-off text-decoration-none text-strikethrough-none\">\u0106wiczymy skoki oraz nurkowanie<\/span><\/li>\n<\/ul>\n<p><span class=\"OYPEnA font-feature-liga-off font-feature-clig-off font-feature-calt-off text-decoration-none text-strikethrough-none\"><\/span><\/p>\n<h2><span style=\"color: #265485;\"><b><span class=\"OYPEnA font-feature-liga-off font-feature-clig-off font-feature-calt-off text-decoration-none text-strikethrough-none\">\u015aREDNIO ZAAWANSOWANY<\/span><\/b><\/span><span style=\"color: #265485;\"><b><span class=\"OYPEnA font-feature-liga-off font-feature-clig-off font-feature-calt-off text-decoration-none text-strikethrough-none\"><\/span><\/b><\/span><\/h2>\n<ul>\n<li><span class=\"OYPEnA font-feature-liga-off font-feature-clig-off font-feature-calt-off text-decoration-none text-strikethrough-none\">Dzieci od 6 lat oraz doro\u015bli.<\/span><span class=\"OYPEnA font-feature-liga-off font-feature-clig-off font-feature-calt-off text-decoration-none text-strikethrough-none white-space-prewrap\"> <\/span><\/li>\n<li><span class=\"OYPEnA font-feature-liga-off font-feature-clig-off font-feature-calt-off text-decoration-none text-strikethrough-none\">Doskonalenie p\u0142ywania.<\/span><\/li>\n<li><span class=\"OYPEnA font-feature-liga-off font-feature-clig-off font-feature-calt-off text-decoration-none text-strikethrough-none\">Zaj\u0119cia dla os\u00f3b, kt\u00f3re potrafi\u0105 wykona\u0107 \u0107wiczenia z poziomu podstawowego oraz potrafi\u0105 p\u0142ywa\u0107 stylem grzbietowym.<\/span><\/li>\n<li><span class=\"OYPEnA font-feature-liga-off font-feature-clig-off font-feature-calt-off text-decoration-none text-strikethrough-none\">Na lekcjach wykonujemy szeroki wachlarz \u0107wicze\u0144 przygotowuj\u0105cych do opanowania stylu dowolnego (kraul) oraz klasycznego i motylkowego.<\/span><\/li>\n<li><span class=\"OYPEnA font-feature-liga-off font-feature-clig-off font-feature-calt-off text-decoration-none text-strikethrough-none\">Doskonalimy skoki oraz nurkowanie\/ p\u0142ywanie pod wod\u0105.<\/span><span class=\"OYPEnA font-feature-liga-off font-feature-clig-off font-feature-calt-off text-decoration-none text-strikethrough-none white-space-prewrap\"> <\/span><\/li>\n<\/ul>\n<p><span class=\"OYPEnA font-feature-liga-off font-feature-clig-off font-feature-calt-off text-decoration-none text-strikethrough-none\"><\/span><\/p>\n<h2><span style=\"color: #265485;\"><b><span class=\"OYPEnA font-feature-liga-off font-feature-clig-off font-feature-calt-off text-decoration-none text-strikethrough-none\">ZAAWANSOWANY<\/span><\/b><\/span><\/h2>\n<p><span style=\"color: #265485;\"><b><span class=\"OYPEnA font-feature-liga-off font-feature-clig-off font-feature-calt-off text-decoration-none text-strikethrough-none\"><\/span><\/b><\/span><\/p>\n<ul>\n<li><span class=\"OYPEnA font-feature-liga-off font-feature-clig-off font-feature-calt-off text-decoration-none text-strikethrough-none\">Dzieci od 8 lat oraz doro\u015bli.<\/span><span class=\"OYPEnA font-feature-liga-off font-feature-clig-off font-feature-calt-off text-decoration-none text-strikethrough-none white-space-prewrap\"> <\/span><\/li>\n<li><span class=\"OYPEnA font-feature-liga-off font-feature-clig-off font-feature-calt-off text-decoration-none text-strikethrough-none\">Doskonalenie p\u0142ywania<\/span><\/li>\n<li><span class=\"OYPEnA font-feature-liga-off font-feature-clig-off font-feature-calt-off text-decoration-none text-strikethrough-none\">Zaj\u0119cia dla os\u00f3b, kt\u00f3re potrafi\u0105 wykona\u0107 \u0107wiczenia z poziomu podstawowego i \u015brednio zaawansowanego oraz potrafi\u0105 p\u0142ywa\u0107 grzbietem i kraulem.<\/span><\/li>\n<li><span class=\"OYPEnA font-feature-liga-off font-feature-clig-off font-feature-calt-off text-decoration-none text-strikethrough-none\">Na lekcjach doskonalimy wszystkie style p\u0142ywackie<\/span><\/li>\n<li><span class=\"OYPEnA font-feature-liga-off font-feature-clig-off font-feature-calt-off text-decoration-none text-strikethrough-none\">Na tym poziomie doskonalimy tak\u017ce kraul u doros\u0142ych szykuj\u0105cych si\u0119 do startu w zawodach sportowych.<\/span><span class=\"OYPEnA font-feature-liga-off font-feature-clig-off font-feature-calt-off text-decoration-none text-strikethrough-none white-space-prewrap\"> <\/span><\/li>\n<\/ul>\n<p><span class=\"OYPEnA font-feature-liga-off font-feature-clig-off font-feature-calt-off text-decoration-none text-strikethrough-none\"><\/span><\/p>\n<h2><span style=\"color: #265485;\"><b><span class=\"OYPEnA font-feature-liga-off font-feature-clig-off font-feature-calt-off text-decoration-none text-strikethrough-none\">TRENING\/ TRIATHLON<\/span><\/b><\/span><\/h2>\n<ul>\n<li><span class=\"OYPEnA font-feature-liga-off font-feature-clig-off font-feature-calt-off text-decoration-none text-strikethrough-none\">Doro\u015bli oraz m\u0142odzie\u017c od 11 roku \u017cycia.<\/span><\/li>\n<li><span class=\"OYPEnA font-feature-liga-off font-feature-clig-off font-feature-calt-off text-decoration-none text-strikethrough-none\">Treningi p\u0142ywackie podczas kt\u00f3rych pracujemy przede wszystkim nad rozwojem cech motorycznych w wodzie, nie zapominaj\u0105c o ci\u0105g\u0142ym doskonaleniu umiej\u0119tno\u015bci technicznych. Treningi maj\u0105 na celu popraw\u0119 szybko\u015bci p\u0142ywania.<\/span><span class=\"OYPEnA font-feature-liga-off font-feature-clig-off font-feature-calt-off text-decoration-none text-strikethrough-none white-space-prewrap\"> <\/span><\/li>\n<li><span class=\"OYPEnA font-feature-liga-off font-feature-clig-off font-feature-calt-off text-decoration-none text-strikethrough-none\">Na tym poziomie dopuszczamy mo\u017cliwo\u015b\u0107 p\u0142ywania m\u0142odzie\u017cy od 11 roku \u017cycia, kt\u00f3ra chce doskonali\u0107 swoje p\u0142ywanie oraz planuje udzia\u0142 w zawodach sportowych.\u00a0<\/span><span class=\"OYPEnA font-feature-liga-off font-feature-clig-off font-feature-calt-off text-decoration-none text-strikethrough-none white-space-prewrap\"><\/span><\/li>\n<\/ul>\n<p><span class=\"OYPEnA font-feature-liga-off font-feature-clig-off font-feature-calt-off text-decoration-none text-strikethrough-none\"><\/span><\/p>\n<h2 style=\"text-align: center;\"><span style=\"color: #265485; font-size: xx-large;\"><b><span class=\"OYPEnA font-feature-liga-off font-feature-clig-off font-feature-calt-off text-decoration-none text-strikethrough-none\">Nie wiesz jaki poziom wybra\u0107?<br \/>Skontaktuj si\u0119 z nami &#8211; doradzimy!<\/span><\/b><\/span><\/h2>\n<p class=\"cvGsUA direction-ltr align-center para-style-body\">\n<p><span style=\"color: #265485;\"><b><span class=\"OYPEnA font-feature-liga-off font-feature-clig-off font-feature-calt-off text-decoration-none text-strikethrough-none\"><\/span><\/b><\/span><\/p>\n<p>[\/et_pb_text][\/et_pb_column][\/et_pb_row][\/et_pb_section]<\/p>\n","protected":false},"excerpt":{"rendered":"<p>\u274cDNI WY\u0141\u0104CZONE Z LEKCJI\u274c 1 listopada (sobota) 11 listopada (wtorek) 24 -28 grudnia (\u015broda &#8211; niedziela) 31 grudnia-1 stycznia (\u015broda-czwartek) 6 stycznia (wtorek) 2-15 luty (ferie) 4-6 kwietnia (sobota &#8211; poniedzia\u0142ek) 1-3 maja (pi\u0105tek &#8211; niedziela) 4 czerwca (czwartek) \ud83c\udf0aTRENINGI OPEN WATER\ud83c\udf0a \ud83d\udcc5Lipiec i sierpie\u0144 &#8211; Czwartek\u00a0 godz.: 18:00\u23f0\ud83d\udccdTor regatowy Brdyuj\u015bcie (ul. Witebska 26, Bydgoszcz) [&hellip;]<\/p>\n","protected":false},"author":1,"featured_media":0,"parent":0,"menu_order":0,"comment_status":"closed","ping_status":"closed","template":"","meta":{"_et_pb_use_builder":"on","_et_pb_old_content":"","_et_gb_content_width":"","footnotes":""},"class_list":["post-65","page","type-page","status-publish","hentry"],"_links":{"self":[{"href":"https:\/\/championsswim.pl\/wp-json\/wp\/v2\/pages\/65"}],"collection":[{"href":"https:\/\/championsswim.pl\/wp-json\/wp\/v2\/pages"}],"about":[{"href":"https:\/\/championsswim.pl\/wp-json\/wp\/v2\/types\/page"}],"author":[{"embeddable":true,"href":"https:\/\/championsswim.pl\/wp-json\/wp\/v2\/users\/1"}],"replies":[{"embeddable":true,"href":"https:\/\/championsswim.pl\/wp-json\/wp\/v2\/comments?post=65"}],"version-history":[{"count":52,"href":"https:\/\/championsswim.pl\/wp-json\/wp\/v2\/pages\/65\/revisions"}],"predecessor-version":[{"id":615,"href":"https:\/\/championsswim.pl\/wp-json\/wp\/v2\/pages\/65\/revisions\/615"}],"wp:attachment":[{"href":"https:\/\/championsswim.pl\/wp-json\/wp\/v2\/media?parent=65"}],"curies":[{"name":"wp","href":"https:\/\/api.w.org\/{rel}","templated":true}]}}